{"id":10196,"date":"2025-06-12T11:41:41","date_gmt":"2025-06-12T09:41:41","guid":{"rendered":"\/we-for-you\/information-flyer\/"},"modified":"2025-06-12T14:23:08","modified_gmt":"2025-06-12T12:23:08","slug":"information-flyer","status":"publish","type":"page","link":"\/en\/we-for-you\/information-flyer\/","title":{"rendered":"Information flyer"},"content":{"rendered":"  <div class=\"row space default-stretch default-start   space-top-none  \">\n<div class=\"col default-12 medium-12 large-12 giant-12\">\n  <div class=\"lazyblock-inner-blocks\">\n\n<h1 class=\"wp-block-heading\">Information flyer<\/h1>\n\n\n\n<p>Here you can download all flyers as PDF files.<\/p>\n\n<\/div>\n<\/div>\n<\/div>  <div class=\"row space default-stretch default-start   space-top-none  \">\n<div class=\"col default-12 medium-6 large-6 giant-4\">\n  <div class=\"lazyblock-inner-blocks\">\n  <a class=\"partner-link\" href=\"https:\/\/worker-www.maklerinmuenster.de\/wp-content\/uploads\/2025\/06\/firmenbroschuere-1.pdf\" target=\"_blank\" title=\"Firmenbrosch\u00fcre\"  aria-label=\"Firmenbrosch\u00fcre\">\n    <img loading=\"lazy\" decoding=\"async\" width=\"636\" height=\"797\" src=\"\/wp-content\/uploads\/2025\/06\/fimrenbroschuere.jpg\" class=\"attachment-large size-large\" alt=\"F\u00fcnf niedliche Murmeltiere mit festlichen H\u00fcten posieren zusammen und werben f\u00fcr ein Immobilienunternehmen mit dem Slogan \u201eWe love real estate\u201c.\" srcset=\"\/wp-content\/uploads\/2025\/06\/fimrenbroschuere.jpg 636w, \/wp-content\/uploads\/2025\/06\/fimrenbroschuere-239x300.jpg 239w, \/wp-content\/uploads\/2025\/06\/fimrenbroschuere-480x602.jpg 480w\" sizes=\"auto, (max-width: 636px) 100vw, 636px\" \/>\n    <span class=\"name-ctn\">Firmenbrosch\u00fcre<\/span>\n  <\/a>\n\n<\/div>\n<\/div>\n\n<div class=\"col default-12 medium-6 large-6 giant-4\">\n  <div class=\"lazyblock-inner-blocks\">\n  <a class=\"partner-link\" href=\"https:\/\/worker-www.maklerinmuenster.de\/wp-content\/uploads\/2025\/06\/unser-leistungsversprechen.pdf\" target=\"_blank\" title=\"Leistungspakete f\u00fcr Immobilien-Verk\u00e4ufer\"  aria-label=\"Leistungspakete f\u00fcr Immobilien-Verk\u00e4ufer\">\n    <img loading=\"lazy\" decoding=\"async\" width=\"620\" height=\"829\" src=\"\/wp-content\/uploads\/2025\/06\/leistungspakete.png\" class=\"attachment-large size-large\" alt=\"Titelbild f\u00fcr eine Brosch\u00fcre \u00fcber Immobiliendienstleistungen, mit einem Haussymbol und dem Text \u201eUnsere Leistungen f\u00fcr Immobilien-Verk\u00e4ufer\u201c.\" srcset=\"\/wp-content\/uploads\/2025\/06\/leistungspakete.png 620w, \/wp-content\/uploads\/2025\/06\/leistungspakete-224x300.png 224w, \/wp-content\/uploads\/2025\/06\/leistungspakete-480x642.png 480w\" sizes=\"auto, (max-width: 620px) 100vw, 620px\" \/>\n    <span class=\"name-ctn\">Leistungspakete f\u00fcr Immobilien-Verk\u00e4ufer<\/span>\n  <\/a>\n\n<\/div>\n<\/div>\n\n<div class=\"col default-12 medium-6 large-6 giant-4\">\n  <div class=\"lazyblock-inner-blocks\">\n  <a class=\"partner-link\" href=\"https:\/\/worker-www.maklerinmuenster.de\/wp-content\/uploads\/2025\/06\/flyer-anbieter.pdf\" target=\"_blank\" title=\"Flyer: F\u00fcr Anbieter\"  aria-label=\"Flyer: F\u00fcr Anbieter\">\n    <img loading=\"lazy\" decoding=\"async\" width=\"275\" height=\"129\" src=\"\/wp-content\/uploads\/2025\/06\/fuer-anbieter.jpg\" class=\"attachment-large size-large\" alt=\"Eine verspielte schwarz-wei\u00dfe Katze lugt aus einer beigen T\u00fcte hervor, auf der in deutscher Sprache steht, dass man keine \u201eKatze im Sack\u201c kaufen soll.\" \/>\n    <span class=\"name-ctn\">Flyer: F\u00fcr Anbieter<\/span>\n  <\/a>\n\n<\/div>\n<\/div>\n\n<div class=\"col default-12 medium-6 large-6 giant-4\">\n  <div class=\"lazyblock-inner-blocks\">\n  <a class=\"partner-link\" href=\"https:\/\/worker-www.maklerinmuenster.de\/wp-content\/uploads\/2025\/06\/immobilien.pdf\" target=\"_blank\" title=\"Flyer: Immobilien\"  aria-label=\"Flyer: Immobilien\">\n    <img loading=\"lazy\" decoding=\"async\" width=\"275\" height=\"129\" src=\"\/wp-content\/uploads\/2025\/06\/immobilien.jpg\" class=\"attachment-large size-large\" alt=\"F\u00fcnf wei\u00dfe Pferde galoppieren an einem Strand entlang, daneben wird in deutscher Sprache f\u00fcr zeitgem\u00e4\u00dfe Immobiliendienstleistungen geworben.\" \/>\n    <span class=\"name-ctn\">Flyer: Immobilien<\/span>\n  <\/a>\n\n<\/div>\n<\/div>\n\n<div class=\"col default-12 medium-6 large-6 giant-4\">\n  <div class=\"lazyblock-inner-blocks\">\n  <a class=\"partner-link\" href=\"https:\/\/worker-www.maklerinmuenster.de\/wp-content\/uploads\/2025\/06\/sorglos-paket.pdf\" target=\"_blank\" title=\"Flyer: Sorglos-Paket\"  aria-label=\"Flyer: Sorglos-Paket\">\n    <img loading=\"lazy\" decoding=\"async\" width=\"275\" height=\"129\" src=\"\/wp-content\/uploads\/2025\/06\/sorglos-paket.jpg\" class=\"attachment-large size-large\" alt=\"F\u00fcnf verspielte Murmeltiere mit festlichen H\u00fcten, die f\u00fcr einen Immobilienservice werben, mit einem grasbewachsenen Feldhintergrund und einer fr\u00f6hlichen Botschaft.\" \/>\n    <span class=\"name-ctn\">Flyer: Sorglos-Paket<\/span>\n  <\/a>\n\n<\/div>\n<\/div>\n\n<div class=\"col default-12 medium-6 large-6 giant-4\">\n  <div class=\"lazyblock-inner-blocks\">\n  <a class=\"partner-link\" href=\"https:\/\/worker-www.maklerinmuenster.de\/wp-content\/uploads\/2025\/06\/immobilienverrentung-1.pdf\" target=\"_blank\" title=\"Immobilienverrentung\"  aria-label=\"Immobilienverrentung\">\n    <img loading=\"lazy\" decoding=\"async\" width=\"892\" height=\"397\" src=\"\/wp-content\/uploads\/2025\/06\/immobilienverrentung-1.jpg\" class=\"attachment-large size-large\" alt=\"Ein \u00e4lteres Ehepaar sitzt im Freien zusammen, vermittelt W\u00e4rme und Komfort und wirbt f\u00fcr die Immobilienverwaltung als Ruhestandsstrategie.\" srcset=\"\/wp-content\/uploads\/2025\/06\/immobilienverrentung-1.jpg 892w, \/wp-content\/uploads\/2025\/06\/immobilienverrentung-1-300x134.jpg 300w, \/wp-content\/uploads\/2025\/06\/immobilienverrentung-1-768x342.jpg 768w, \/wp-content\/uploads\/2025\/06\/immobilienverrentung-1-480x214.jpg 480w, \/wp-content\/uploads\/2025\/06\/immobilienverrentung-1-760x338.jpg 760w\" sizes=\"auto, (max-width: 892px) 100vw, 892px\" \/>\n    <span class=\"name-ctn\">Immobilienverrentung<\/span>\n  <\/a>\n\n<\/div>\n<\/div>\n\n<div class=\"col default-12 medium-6 large-6 giant-4\">\n  <div class=\"lazyblock-inner-blocks\">\n  <a class=\"partner-link\" href=\"https:\/\/worker-www.maklerinmuenster.de\/wp-content\/uploads\/2025\/06\/eine-runde-sache.pdf\" target=\"_blank\" title=\"Flyer: Eine runde Sache\"  aria-label=\"Flyer: Eine runde Sache\">\n    <img loading=\"lazy\" decoding=\"async\" width=\"630\" height=\"628\" src=\"\/wp-content\/uploads\/2025\/06\/eine-runde-sache.png\" class=\"attachment-large size-large\" alt=\"Werbegrafik f\u00fcr Maklerin M\u00fcnster mit Dienstleistungen f\u00fcr den Immobilienverkauf, Marktanalysen und Investitionsm\u00f6glichkeiten.\" srcset=\"\/wp-content\/uploads\/2025\/06\/eine-runde-sache.png 630w, \/wp-content\/uploads\/2025\/06\/eine-runde-sache-300x300.png 300w, \/wp-content\/uploads\/2025\/06\/eine-runde-sache-150x150.png 150w, \/wp-content\/uploads\/2025\/06\/eine-runde-sache-480x478.png 480w\" sizes=\"auto, (max-width: 630px) 100vw, 630px\" \/>\n    <span class=\"name-ctn\">Flyer: Eine runde Sache<\/span>\n  <\/a>\n\n<\/div>\n<\/div>\n\n<div class=\"col default-12 medium-6 large-6 giant-4\">\n  <div class=\"lazyblock-inner-blocks\">\n  <a class=\"partner-link\" href=\"https:\/\/worker-www.maklerinmuenster.de\/wp-content\/uploads\/2025\/06\/das-perfekte-haus.pdf\" target=\"_blank\" title=\"Flyer: Das perfekte Haus\"  aria-label=\"Flyer: Das perfekte Haus\">\n    <img loading=\"lazy\" decoding=\"async\" width=\"1024\" height=\"847\" src=\"\/wp-content\/uploads\/2025\/06\/das-perfekte-haus-1024x847.png\" class=\"attachment-large size-large\" alt=\"Ein Wohnmobil, das auf einem \u00fcppigen gr\u00fcnen Rasen am Meer geparkt ist, mit einem blauen Himmel und Wolken im Hintergrund, die zu einem Gef\u00fchl von Abenteuer einladen.\" srcset=\"\/wp-content\/uploads\/2025\/06\/das-perfekte-haus-1024x847.png 1024w, \/wp-content\/uploads\/2025\/06\/das-perfekte-haus-300x248.png 300w, \/wp-content\/uploads\/2025\/06\/das-perfekte-haus-768x635.png 768w, \/wp-content\/uploads\/2025\/06\/das-perfekte-haus-480x397.png 480w, \/wp-content\/uploads\/2025\/06\/das-perfekte-haus-760x629.png 760w, \/wp-content\/uploads\/2025\/06\/das-perfekte-haus.png 1037w\" sizes=\"auto, (max-width: 1024px) 100vw, 1024px\" \/>\n    <span class=\"name-ctn\">Flyer: Das perfekte Haus<\/span>\n  <\/a>\n\n<\/div>\n<\/div>\n<\/div>","protected":false},"excerpt":{"rendered":"","protected":false},"author":19,"featured_media":0,"parent":9853,"menu_order":0,"comment_status":"closed","ping_status":"closed","template":"","meta":{"_acf_changed":false,"footnotes":""},"class_list":["post-10196","page","type-page","status-publish","hentry"],"acf":[],"_links":{"self":[{"href":"\/en\/wp-json\/wp\/v2\/pages\/10196","targetHints":{"allow":["GET"]}}],"collection":[{"href":"\/en\/wp-json\/wp\/v2\/pages"}],"about":[{"href":"\/en\/wp-json\/wp\/v2\/types\/page"}],"author":[{"embeddable":true,"href":"\/en\/wp-json\/wp\/v2\/users\/19"}],"replies":[{"embeddable":true,"href":"\/en\/wp-json\/wp\/v2\/comments?post=10196"}],"version-history":[{"count":1,"href":"\/en\/wp-json\/wp\/v2\/pages\/10196\/revisions"}],"predecessor-version":[{"id":10197,"href":"\/en\/wp-json\/wp\/v2\/pages\/10196\/revisions\/10197"}],"up":[{"embeddable":true,"href":"\/en\/wp-json\/wp\/v2\/pages\/9853"}],"wp:attachment":[{"href":"\/en\/wp-json\/wp\/v2\/media?parent=10196"}],"curies":[{"name":"wp","href":"https:\/\/api.w.org\/{rel}","templated":true}]}}