{"id":10202,"date":"2025-06-12T13:28:01","date_gmt":"2025-06-12T11:28:01","guid":{"rendered":"https:\/\/www.maklerinmuenster.de\/we-for-you\/right-of-cancellation\/"},"modified":"2025-08-11T13:21:32","modified_gmt":"2025-08-11T11:21:32","slug":"right-of-cancellation","status":"publish","type":"page","link":"https:\/\/www.maklerinmuenster.de\/en\/we-for-you\/right-of-cancellation\/","title":{"rendered":"Right of cancellation"},"content":{"rendered":"  <div class=\"row space default-stretch default-start   space-top-none   space-bottom-none \">\n<div class=\"col default-12 medium-12 large-12 giant-12\">\n  <div class=\"lazyblock-inner-blocks\">\n\n\n    <figure class=\"cms-image\">\n      <img loading=\"lazy\" decoding=\"async\" width=\"1024\" height=\"369\" src=\"https:\/\/www.maklerinmuenster.de\/wp-content\/uploads\/2025\/06\/widerrufsrecht-1024x369.jpg\" class=\"attachment-large size-large\" alt=\"Das Wort \u201eWiderrufsrecht\u201c ist mit orangefarbener Kreide auf eine dunkle Tafel geschrieben, wobei eine Hand ein Kreidest\u00fcck h\u00e4lt.\" srcset=\"https:\/\/www.maklerinmuenster.de\/wp-content\/uploads\/2025\/06\/widerrufsrecht-1024x369.jpg 1024w, https:\/\/www.maklerinmuenster.de\/wp-content\/uploads\/2025\/06\/widerrufsrecht-300x108.jpg 300w, https:\/\/www.maklerinmuenster.de\/wp-content\/uploads\/2025\/06\/widerrufsrecht-768x276.jpg 768w, https:\/\/www.maklerinmuenster.de\/wp-content\/uploads\/2025\/06\/widerrufsrecht-480x173.jpg 480w, https:\/\/www.maklerinmuenster.de\/wp-content\/uploads\/2025\/06\/widerrufsrecht-760x274.jpg 760w, https:\/\/www.maklerinmuenster.de\/wp-content\/uploads\/2025\/06\/widerrufsrecht-1200x432.jpg 1200w, https:\/\/www.maklerinmuenster.de\/wp-content\/uploads\/2025\/06\/widerrufsrecht.jpg 1250w\" sizes=\"auto, (max-width: 1024px) 100vw, 1024px\" \/>\n    <\/figure>\n\n\n<\/div>\n<\/div>\n<\/div>  <div class=\"row space default-stretch default-start   \">\n<div class=\"col default-12 medium-12 large-12 giant-12\">\n  <div class=\"lazyblock-inner-blocks\">\n\n<h1 class=\"wp-block-heading\">Right of cancellation<\/h1>\n\n\n\n<p><strong>Right of cancellation <\/strong><\/p>\n\n\n\n<p>Since June 13, 2014, we as brokers have been obliged to inform you of your 14-day right of withdrawal in accordance with \u00a7355 BGB (German Civil Code). This is because you enter into a contract with us when you receive information about a property from MaklerinM\u00fcnster, Margherita Magri Immobilien or go on a viewing with us. <\/p>\n\n\n\n<p>The commission is only due to you if a purchase or rental agreement is actually concluded.<\/p>\n\n\n\n<p>We can only act on your behalf before the cancellation period expires if this is expressly requested! We know that it is difficult to work your way through the jungle of contracts. However, we want to work honestly and with legal certainty: The procedure creates transparency and trust, because it primarily protects you as a consumer.  <\/p>\n\n\n\n<p>As the recipient, you will receive an automated e-mail informing you of the cancellation options, a link to an explanatory film and a PDF with the cancellation policy as an attachment.<\/p>\n\n\n\n<p>As soon as you give your consent in the e-mail (by simply clicking on \u2018Yes, I agree and would like to open the expos\u00e9\u2019) that you want to start before the expiry of the cancellation period, MaklerinM\u00fcnster, Margherita Magri Immobilien can provide you with the expos\u00e9. When you click on the link, the expos\u00e9 will immediately be available in your download folder. <\/p>\n\n\n\n<p>If you have any further questions, please do not hesitate to contact us!<\/p>\n\n<\/div>\n<\/div>\n<\/div><div class=\"row stretch start\">\n  <div class=\"col\">\n    <hr \/>\n  <\/div>\n<\/div>  <div class=\"row space default-stretch default-start   \">\n<div class=\"col default-12 medium-6 large-6 giant-6\">\n  <div class=\"lazyblock-inner-blocks\">\n<a href=\"https:\/\/www.maklerinmuenster.de\/wp-content\/uploads\/2025\/06\/widerrufsbelehrung.pdf\" target=\"_blank\" title=\"Download the cancellation policy form\" class=\"\">Download the cancellation policy form<\/a>\n<\/div>\n<\/div>\n\n<div class=\"col default-12 medium-6 large-6 giant-6\">\n  <div class=\"lazyblock-inner-blocks\">\n\n<p><a href=\"https:\/\/rdm-bb.de\/verbraucherinformationen-zum-widerrufsrecht-beim-maklervertrag\/\" data-type=\"link\" data-id=\"https:\/\/rdm-bb.de\/verbraucherinformationen-zum-widerrufsrecht-beim-maklervertrag\/\" target=\"_blank\" rel=\"noopener\">Revocation \u2013 Statement by the RDM (Ring deutscher Makler, Association of German Real Estate Agents)<\/a><\/p>\n\n<\/div>\n<\/div>\n<\/div><div class=\"row stretch start\">\n  <div class=\"col\">\n    <hr \/>\n  <\/div>\n<\/div>  <div class=\"row space default-stretch default-start   \">\n<div class=\"col default-12 medium-12 large-12 giant-12\">\n  <div class=\"lazyblock-inner-blocks\">\n\n<h3 class=\"wp-block-heading\">Short film explaining the right of withdrawal:<\/h3>\n\n\n<div class=\"video-container\">\n  <iframe data-pc-service=\"youtube\" data-pc-asset=\"https:\/\/www.youtube.com\/embed\/p7RzTgAJrxY?feature=oembed\"><\/iframe>\n<\/div>\n<\/div>\n<\/div>\n<\/div>\n<p><\/p>\n","protected":false},"excerpt":{"rendered":"","protected":false},"author":19,"featured_media":0,"parent":9853,"menu_order":0,"comment_status":"closed","ping_status":"closed","template":"","meta":{"_acf_changed":false,"footnotes":""},"class_list":["post-10202","page","type-page","status-publish","hentry"],"acf":[],"_links":{"self":[{"href":"https:\/\/www.maklerinmuenster.de\/en\/wp-json\/wp\/v2\/pages\/10202","targetHints":{"allow":["GET"]}}],"collection":[{"href":"https:\/\/www.maklerinmuenster.de\/en\/wp-json\/wp\/v2\/pages"}],"about":[{"href":"https:\/\/www.maklerinmuenster.de\/en\/wp-json\/wp\/v2\/types\/page"}],"author":[{"embeddable":true,"href":"https:\/\/www.maklerinmuenster.de\/en\/wp-json\/wp\/v2\/users\/19"}],"replies":[{"embeddable":true,"href":"https:\/\/www.maklerinmuenster.de\/en\/wp-json\/wp\/v2\/comments?post=10202"}],"version-history":[{"count":2,"href":"https:\/\/www.maklerinmuenster.de\/en\/wp-json\/wp\/v2\/pages\/10202\/revisions"}],"predecessor-version":[{"id":10811,"href":"https:\/\/www.maklerinmuenster.de\/en\/wp-json\/wp\/v2\/pages\/10202\/revisions\/10811"}],"up":[{"embeddable":true,"href":"https:\/\/www.maklerinmuenster.de\/en\/wp-json\/wp\/v2\/pages\/9853"}],"wp:attachment":[{"href":"https:\/\/www.maklerinmuenster.de\/en\/wp-json\/wp\/v2\/media?parent=10202"}],"curies":[{"name":"wp","href":"https:\/\/api.w.org\/{rel}","templated":true}]}}