{"id":10208,"date":"2025-06-12T12:57:01","date_gmt":"2025-06-12T10:57:01","guid":{"rendered":"https:\/\/www.maklerinmuenster.de\/we-for-you\/we-support\/"},"modified":"2025-11-18T10:22:45","modified_gmt":"2025-11-18T09:22:45","slug":"we-support","status":"publish","type":"page","link":"https:\/\/www.maklerinmuenster.de\/en\/we-for-you\/we-support\/","title":{"rendered":"We support"},"content":{"rendered":"  <div class=\"row space default-stretch default-start   space-top-none   space-bottom-none \">\n<div class=\"col default-12 medium-12 large-12 giant-12\">\n  <div class=\"lazyblock-inner-blocks\">\n\n\n    <figure class=\"cms-image\">\n      <img loading=\"lazy\" decoding=\"async\" width=\"1024\" height=\"369\" src=\"https:\/\/www.maklerinmuenster.de\/wp-content\/uploads\/2025\/06\/wir-unterstuetzen-1024x369.png\" class=\"attachment-large size-large\" alt=\"Silhouetten von zwei H\u00e4nden, die vor einem Sonnenuntergang ein Herz bilden, mit dem Logo der Maklerin M\u00fcnster Margherita Magri.\" srcset=\"https:\/\/www.maklerinmuenster.de\/wp-content\/uploads\/2025\/06\/wir-unterstuetzen-1024x369.png 1024w, https:\/\/www.maklerinmuenster.de\/wp-content\/uploads\/2025\/06\/wir-unterstuetzen-300x108.png 300w, https:\/\/www.maklerinmuenster.de\/wp-content\/uploads\/2025\/06\/wir-unterstuetzen-768x277.png 768w, https:\/\/www.maklerinmuenster.de\/wp-content\/uploads\/2025\/06\/wir-unterstuetzen-480x173.png 480w, https:\/\/www.maklerinmuenster.de\/wp-content\/uploads\/2025\/06\/wir-unterstuetzen-760x274.png 760w, https:\/\/www.maklerinmuenster.de\/wp-content\/uploads\/2025\/06\/wir-unterstuetzen.png 1140w\" sizes=\"auto, (max-width: 1024px) 100vw, 1024px\" \/>\n    <\/figure>\n\n\n<\/div>\n<\/div>\n<\/div>\n\n  <div class=\"row space default-stretch default-start   \">\n<div class=\"col default-12 medium-12 large-12 giant-12\">\n  <div class=\"lazyblock-inner-blocks\">\n\n<h1 class=\"wp-block-heading\">We support<\/h1>\n\n\n\n<p>\u201cWhat you give does not make you poorer,\u201d as French author Antoine de Saint-Exup\u00e9ry once said.<\/p>\n\n\n\n<p>We also enjoy donating to initiatives that are close to our hearts. Here you can find out more about the organizations and associations whose work has impressed us and which we are therefore happy to support. <\/p>\n\n<\/div>\n<\/div>\n<\/div>\n\n  <div class=\"row space default-stretch default-start   space-top-none  \">\n<div class=\"col default-12 medium-6 large-6 giant-4\">\n  <div class=\"lazyblock-inner-blocks\">\n<a class=\"partner-link\" href=\"https:\/\/www.freiwilligenagentur-muenster.de\/\" title=\"Freiwilligenagentur MS\" target=\"_blank\" rel=\"noopener\">   \n  <img loading=\"lazy\" decoding=\"async\" width=\"333\" height=\"149\" src=\"https:\/\/www.maklerinmuenster.de\/wp-content\/uploads\/2025\/06\/freiwilligenagentur.png\" class=\"attachment-large size-large\" alt=\"Logo der FreiwilligenAgentur M\u00fcnster mit sich \u00fcberschneidenden gr\u00fcnen und orangefarbenen Formen und dem Text, der auf ihre Gr\u00fcndung hinweist.\" srcset=\"https:\/\/www.maklerinmuenster.de\/wp-content\/uploads\/2025\/06\/freiwilligenagentur.png 333w, https:\/\/www.maklerinmuenster.de\/wp-content\/uploads\/2025\/06\/freiwilligenagentur-300x134.png 300w\" sizes=\"auto, (max-width: 333px) 100vw, 333px\" \/>   \n  <span class=\"name-ctn\">Freiwilligenagentur MS<\/span>   \n<\/a>\n<\/div>\n<\/div>\n\n<div class=\"col default-12 medium-6 large-6 giant-4\">\n  <div class=\"lazyblock-inner-blocks\">\n<a class=\"partner-link\" href=\"https:\/\/www.kinderkrebshilfe-muenster.de\/\" title=\"Kinder Krebshilfe\" target=\"_blank\" rel=\"noopener\">   \n  <img loading=\"lazy\" decoding=\"async\" width=\"319\" height=\"130\" src=\"https:\/\/www.maklerinmuenster.de\/wp-content\/uploads\/2025\/06\/kinderkrebshilfe.png\" class=\"attachment-large size-large\" alt=\"Logo der Kinderkrebshilfe M\u00fcnster e.V. mit zwei stilisierten Figuren in Gelb und dem Slogan \u201eWir helfen leben\u201c.\" srcset=\"https:\/\/www.maklerinmuenster.de\/wp-content\/uploads\/2025\/06\/kinderkrebshilfe.png 319w, https:\/\/www.maklerinmuenster.de\/wp-content\/uploads\/2025\/06\/kinderkrebshilfe-300x122.png 300w\" sizes=\"auto, (max-width: 319px) 100vw, 319px\" \/>   \n  <span class=\"name-ctn\">Kinder Krebshilfe<\/span>   \n<\/a>\n<\/div>\n<\/div>\n\n<div class=\"col default-12 medium-6 large-6 giant-4\">\n  <div class=\"lazyblock-inner-blocks\">\n<a class=\"partner-link\" href=\"https:\/\/www.aerzte-ohne-grenzen.de\/\" title=\" \u00c4rzte ohne Grenzen\" target=\"_blank\" rel=\"noopener\">   \n  <img loading=\"lazy\" decoding=\"async\" width=\"236\" height=\"98\" src=\"https:\/\/www.maklerinmuenster.de\/wp-content\/uploads\/2025\/06\/aerzteohnegrenzen-1.png\" class=\"attachment-large size-large\" alt=\"Logo von M\u00e9decins Sans Fronti\u00e8res (\u00c4rzte ohne Grenzen) mit einem roten Symbol und dem Namen der Organisation in fetter schwarzer Schrift.\" \/>   \n  <span class=\"name-ctn\"> \u00c4rzte ohne Grenzen<\/span>   \n<\/a>\n<\/div>\n<\/div>\n\n<div class=\"col default-12 medium-6 large-6 giant-4\">\n  <div class=\"lazyblock-inner-blocks\">\n<a class=\"partner-link\" href=\"https:\/\/kinderhospiz-koenigskinder.de\/\" title=\"Kinderhospiz K\u00f6nigskinder\" target=\"_blank\" rel=\"noopener\">   \n  <img loading=\"lazy\" decoding=\"async\" width=\"248\" height=\"106\" src=\"https:\/\/www.maklerinmuenster.de\/wp-content\/uploads\/2025\/06\/koenigskinder.png\" class=\"attachment-large size-large\" alt=\"Logo von K\u00f6nigsKinder, einem Kinderhospizdienst, mit einer verspielten Krone \u00fcber dem Namen in einer skurrilen Schriftart.\" \/>   \n  <span class=\"name-ctn\">Kinderhospiz K\u00f6nigskinder<\/span>   \n<\/a>\n<\/div>\n<\/div>\n\n<div class=\"col default-12 medium-6 large-6 giant-4\">\n  <div class=\"lazyblock-inner-blocks\">\n<a class=\"partner-link\" href=\"https:\/\/www.dogcare-clinic.com\/\" title=\" DOG CARE CLINIC e.V.\" target=\"_blank\" rel=\"noopener\">   \n  <img loading=\"lazy\" decoding=\"async\" width=\"599\" height=\"126\" src=\"https:\/\/www.maklerinmuenster.de\/wp-content\/uploads\/2025\/06\/dcc.png\" class=\"attachment-large size-large\" alt=\"Logo der Dog Care Clinic in Mihiripenna, Talpe, Sri Lanka, mit einem Pfotenabdruck und einem Aufruf zum Handeln: \u201eHelfen Sie uns zu helfen!\u201c\" srcset=\"https:\/\/www.maklerinmuenster.de\/wp-content\/uploads\/2025\/06\/dcc.png 599w, https:\/\/www.maklerinmuenster.de\/wp-content\/uploads\/2025\/06\/dcc-300x63.png 300w, https:\/\/www.maklerinmuenster.de\/wp-content\/uploads\/2025\/06\/dcc-480x101.png 480w\" sizes=\"auto, (max-width: 599px) 100vw, 599px\" \/>   \n  <span class=\"name-ctn\"> DOG CARE CLINIC e.V.<\/span>   \n<\/a>\n<\/div>\n<\/div>\n\n<div class=\"col default-12 medium-6 large-6 giant-4\">\n  <div class=\"lazyblock-inner-blocks\">\n<a class=\"partner-link\" href=\"https:\/\/www.seht-muenster.de\/\" title=\"SeHT M\u00fcnster e.V.\" target=\"_blank\" rel=\"noopener\">   \n  <img loading=\"lazy\" decoding=\"async\" width=\"442\" height=\"98\" src=\"https:\/\/www.maklerinmuenster.de\/wp-content\/uploads\/2025\/06\/seht.png\" class=\"attachment-large size-large\" alt=\"Logo von SeHT M\u00fcnster e.V., einer Organisation zur F\u00f6rderung der Selbstst\u00e4ndigkeit von Menschen mit Leistungsschw\u00e4chen\/AD(H)S.\" srcset=\"https:\/\/www.maklerinmuenster.de\/wp-content\/uploads\/2025\/06\/seht.png 442w, https:\/\/www.maklerinmuenster.de\/wp-content\/uploads\/2025\/06\/seht-300x67.png 300w\" sizes=\"auto, (max-width: 442px) 100vw, 442px\" \/>   \n  <span class=\"name-ctn\">SeHT M\u00fcnster e.V.<\/span>   \n<\/a>\n<\/div>\n<\/div>\n\n<div class=\"col default-12 medium-6 large-6 giant-4\">\n  <div class=\"lazyblock-inner-blocks\">\n<a class=\"partner-link\" href=\"http:\/\/kinderschutzbund-muenster.de\/\" title=\"Kinderschutzbund MS\" target=\"_blank\" rel=\"noopener\">   \n  <img loading=\"lazy\" decoding=\"async\" width=\"281\" height=\"94\" src=\"https:\/\/www.maklerinmuenster.de\/wp-content\/uploads\/2025\/06\/kinderschutzbund.png\" class=\"attachment-large size-large\" alt=\"Logo des Kinderschutzbundes Ortsverband M\u00fcnster mit einer stilisierten Haus- und Kinderdarstellung in blauer Schrift.\" \/>   \n  <span class=\"name-ctn\">Kinderschutzbund MS<\/span>   \n<\/a>\n<\/div>\n<\/div>\n\n<div class=\"col default-12 medium-6 large-6 giant-4\">\n  <div class=\"lazyblock-inner-blocks\">\n<a class=\"partner-link\" href=\"https:\/\/www.mitmachkinder.de\/\" title=\"Mitmachkinder\" target=\"_blank\" rel=\"noopener\">   \n  <img loading=\"lazy\" decoding=\"async\" width=\"291\" height=\"114\" src=\"https:\/\/www.maklerinmuenster.de\/wp-content\/uploads\/2025\/06\/mitmachkinder.png\" class=\"attachment-large size-large\" alt=\"Logo der Stiftung Mitmachkinder mit stilisierten blauen und gr\u00fcnen Schmetterlingen und einem Text, der f\u00fcr die Beteiligung und Unterst\u00fctzung von Kindern wirbt.\" \/>   \n  <span class=\"name-ctn\">Mitmachkinder<\/span>   \n<\/a>\n<\/div>\n<\/div>\n\n<div class=\"col default-12 medium-6 large-6 giant-4\">\n  <div class=\"lazyblock-inner-blocks\">\n<a class=\"partner-link\" href=\"https:\/\/www.muenster-tafel.de\/\" title=\"M\u00fcnster Tafel\" target=\"_blank\" rel=\"noopener\">   \n  <img loading=\"lazy\" decoding=\"async\" width=\"353\" height=\"173\" src=\"https:\/\/www.maklerinmuenster.de\/wp-content\/uploads\/2025\/06\/tafelmuenster.png\" class=\"attachment-large size-large\" alt=\"Logo zum 20-j\u00e4hrigen Bestehen der M\u00fcnster-Tafel e.V. (1998-2018) vor dem Hintergrund eines Geb\u00e4udeturms.\" srcset=\"https:\/\/www.maklerinmuenster.de\/wp-content\/uploads\/2025\/06\/tafelmuenster.png 353w, https:\/\/www.maklerinmuenster.de\/wp-content\/uploads\/2025\/06\/tafelmuenster-300x147.png 300w\" sizes=\"auto, (max-width: 353px) 100vw, 353px\" \/>   \n  <span class=\"name-ctn\">M\u00fcnster Tafel<\/span>   \n<\/a>\n<\/div>\n<\/div>\n\n<div class=\"col default-12 medium-6 large-6 giant-4\">\n  <div class=\"lazyblock-inner-blocks\">\n<a class=\"partner-link\" href=\"https:\/\/www.herzenswuensche.de\/\" title=\"Herzensw\u00fcnsche e.V.\" target=\"_blank\" rel=\"noopener\">   \n  <img loading=\"lazy\" decoding=\"async\" width=\"447\" height=\"139\" src=\"https:\/\/www.maklerinmuenster.de\/wp-content\/uploads\/2025\/06\/herzenswuensche.png\" class=\"attachment-large size-large\" alt=\"Logo von \u201eHerzensw\u00fcnsche e.V.\u201c, einem Verein zur Unterst\u00fctzung schwerkranker Kinder und Jugendlicher, mit rotem Hintergrund und verspielter wei\u00dfer Schrift.\" srcset=\"https:\/\/www.maklerinmuenster.de\/wp-content\/uploads\/2025\/06\/herzenswuensche.png 447w, https:\/\/www.maklerinmuenster.de\/wp-content\/uploads\/2025\/06\/herzenswuensche-300x93.png 300w\" sizes=\"auto, (max-width: 447px) 100vw, 447px\" \/>   \n  <span class=\"name-ctn\">Herzensw\u00fcnsche e.V.<\/span>   \n<\/a>\n<\/div>\n<\/div>\n\n<div class=\"col default-12 medium-6 large-6 giant-4\">\n  <div class=\"lazyblock-inner-blocks\">\n<a class=\"partner-link\" href=\"https:\/\/www.hoermal-verein.de\/\" title=\"H\u00f6r Mal!\" target=\"_blank\" rel=\"noopener\">   \n  <img loading=\"lazy\" decoding=\"async\" width=\"293\" height=\"80\" src=\"https:\/\/www.maklerinmuenster.de\/wp-content\/uploads\/2025\/06\/hoermal.png\" class=\"attachment-large size-large\" alt=\"Logo f\u00fcr \u201eH\u00f6r mal!\u201c, eine Organisation zur Unterst\u00fctzung von Kindern mit H\u00f6r- und Sprachbehinderungen in M\u00fcnster, Deutschland.\" \/>   \n  <span class=\"name-ctn\">H\u00f6r Mal!<\/span>   \n<\/a>\n<\/div>\n<\/div>\n\n<div class=\"col default-12 medium-6 large-6 giant-4\">\n  <div class=\"lazyblock-inner-blocks\">\n<a class=\"partner-link\" href=\"https:\/\/www.kinderhospiz-bethel.de\/\" title=\"Kinderhospiz Bethel\" target=\"_blank\" rel=\"noopener\">   \n  <img loading=\"lazy\" decoding=\"async\" width=\"368\" height=\"115\" src=\"https:\/\/www.maklerinmuenster.de\/wp-content\/uploads\/2025\/06\/bethel.png\" class=\"attachment-large size-large\" alt=\"Logo von Bethel, mit dem Wort \u201eBethel\u201c in fetten wei\u00dfen Buchstaben auf dunkelblauem Hintergrund, begleitet von einem dekorativen Emblem.\" srcset=\"https:\/\/www.maklerinmuenster.de\/wp-content\/uploads\/2025\/06\/bethel.png 368w, https:\/\/www.maklerinmuenster.de\/wp-content\/uploads\/2025\/06\/bethel-300x94.png 300w\" sizes=\"auto, (max-width: 368px) 100vw, 368px\" \/>   \n  <span class=\"name-ctn\">Kinderhospiz Bethel<\/span>   \n<\/a>\n<\/div>\n<\/div>\n\n<div class=\"col default-12 medium-6 large-6 giant-4\">\n  <div class=\"lazyblock-inner-blocks\">\n<a class=\"partner-link\" href=\"https:\/\/www.johannes-hospiz.de\/cms\/deutsch\/johannes-hospiz\/index.html\" title=\" Johannes Hospiz\" target=\"_blank\" rel=\"noopener\">   \n  <img loading=\"lazy\" decoding=\"async\" width=\"269\" height=\"161\" src=\"https:\/\/www.maklerinmuenster.de\/wp-content\/uploads\/2025\/06\/johanneshospiz.png\" class=\"attachment-large size-large\" alt=\"Logo f\u00fcr das Johannes-Hospiz M\u00fcnster mit dem Slogan \u201eGeborgen in unserer Mitte\u201c, in erdigen Rot- und Beiget\u00f6nen.\" \/>   \n  <span class=\"name-ctn\"> Johannes Hospiz<\/span>   \n<\/a>\n<\/div>\n<\/div>\n\n<div class=\"col default-12 medium-6 large-6 giant-4\">\n  <div class=\"lazyblock-inner-blocks\">\n<a class=\"partner-link\" href=\"https:\/\/www.theologische-zoologie.de\/\" title=\"Theologische Zoologie\" target=\"_blank\" rel=\"noopener\">   \n  <img loading=\"lazy\" decoding=\"async\" width=\"482\" height=\"158\" src=\"https:\/\/www.maklerinmuenster.de\/wp-content\/uploads\/2025\/06\/theologischezoologie.png\" class=\"attachment-large size-large\" alt=\"Illustration eines mittelalterlichen Gelehrten und eines L\u00f6wen, die das \u201eInstitut f\u00fcr Theologische Zoologie\u201c im Vintage-Stil darstellen.\" srcset=\"https:\/\/www.maklerinmuenster.de\/wp-content\/uploads\/2025\/06\/theologischezoologie.png 482w, https:\/\/www.maklerinmuenster.de\/wp-content\/uploads\/2025\/06\/theologischezoologie-300x98.png 300w, https:\/\/www.maklerinmuenster.de\/wp-content\/uploads\/2025\/06\/theologischezoologie-480x157.png 480w\" sizes=\"auto, (max-width: 482px) 100vw, 482px\" \/>   \n  <span class=\"name-ctn\">Theologische Zoologie<\/span>   \n<\/a>\n<\/div>\n<\/div>\n\n<div class=\"col default-12 medium-6 large-6 giant-4\">\n  <div class=\"lazyblock-inner-blocks\">\n<a class=\"partner-link\" href=\"https:\/\/www.aktion-deutschland-hilft.de\/\" title=\"Aktion Deutschland Hilft e.V.\" target=\"_blank\" rel=\"noopener\">   \n  <img loading=\"lazy\" decoding=\"async\" width=\"370\" height=\"131\" src=\"https:\/\/www.maklerinmuenster.de\/wp-content\/uploads\/2025\/06\/aktiondeutschland.png\" class=\"attachment-large size-large\" alt=\"Logo der Aktion Deutschland Hilft mit abstrakten Formen in den Farben Rot, Blau und Schwarz und dem Schriftzug \u201eB\u00fcndnis deutscher Hilfsorganisationen\u201c.\" srcset=\"https:\/\/www.maklerinmuenster.de\/wp-content\/uploads\/2025\/06\/aktiondeutschland.png 370w, https:\/\/www.maklerinmuenster.de\/wp-content\/uploads\/2025\/06\/aktiondeutschland-300x106.png 300w\" sizes=\"auto, (max-width: 370px) 100vw, 370px\" \/>   \n  <span class=\"name-ctn\">Aktion Deutschland Hilft e.V.<\/span>   \n<\/a>\n<\/div>\n<\/div>\n\n<div class=\"col default-12 medium-6 large-6 giant-4\">\n  <div class=\"lazyblock-inner-blocks\">\n<a class=\"partner-link\" href=\"https:\/\/www.betterplace.org\/de\" title=\" BETTERPLACE.ORG\" target=\"_blank\" rel=\"noopener\">   \n  <img loading=\"lazy\" decoding=\"async\" width=\"233\" height=\"61\" src=\"https:\/\/www.maklerinmuenster.de\/wp-content\/uploads\/2025\/06\/betterplace.png\" class=\"attachment-large size-large\" alt=\"Logo von betterplace.org mit einem gr\u00fcnen herzf\u00f6rmigen Anstecknadel-Symbol, das den sozialen Einfluss und das Engagement in der Gemeinschaft betont.\" \/>   \n  <span class=\"name-ctn\"> BETTERPLACE.ORG<\/span>   \n<\/a>\n<\/div>\n<\/div>\n\n<div class=\"col default-12 medium-6 large-6 giant-4\">\n  <div class=\"lazyblock-inner-blocks\">\n<a class=\"partner-link\" href=\"https:\/\/www.aktion-deutschland-hilft.de\/\" title=\"Aktion Deutschland Hilft e.V.\" target=\"_blank\" rel=\"noopener\">   \n  <img loading=\"lazy\" decoding=\"async\" width=\"768\" height=\"375\" src=\"https:\/\/www.maklerinmuenster.de\/wp-content\/uploads\/2025\/06\/aktion-mensch-768x375-1.png\" class=\"attachment-large size-large\" alt=\"Logo von \u00c4rzte ohne Grenzen (M\u00e9decins Sans Fronti\u00e8res) mit einem roten Emblem und dem Namen der Organisation in deutscher und franz\u00f6sischer Sprache.\" srcset=\"https:\/\/www.maklerinmuenster.de\/wp-content\/uploads\/2025\/06\/aktion-mensch-768x375-1.png 768w, https:\/\/www.maklerinmuenster.de\/wp-content\/uploads\/2025\/06\/aktion-mensch-768x375-1-300x146.png 300w, https:\/\/www.maklerinmuenster.de\/wp-content\/uploads\/2025\/06\/aktion-mensch-768x375-1-480x234.png 480w, https:\/\/www.maklerinmuenster.de\/wp-content\/uploads\/2025\/06\/aktion-mensch-768x375-1-760x371.png 760w\" sizes=\"auto, (max-width: 768px) 100vw, 768px\" \/>   \n  <span class=\"name-ctn\">Aktion Deutschland Hilft e.V.<\/span>   \n<\/a>\n<\/div>\n<\/div>\n\n<div class=\"col default-12 medium-6 large-6 giant-4\">\n  <div class=\"lazyblock-inner-blocks\">\n<a class=\"partner-link\" href=\"https:\/\/canarigatos.de\/\" title=\" Tierschutzverein Katzenhilfe\" target=\"_blank\" rel=\"noopener\">   \n  <img loading=\"lazy\" decoding=\"async\" width=\"768\" height=\"372\" src=\"https:\/\/www.maklerinmuenster.de\/wp-content\/uploads\/2025\/06\/fireshot-capture-001-tierschutzverein-katzenhilfe-canarigatos-ev-canarigatosde-768x372-1.png\" class=\"attachment-large size-large\" alt=\"Eine Website zur F\u00f6rderung der Katzenrettung auf Gran Canaria, mit Bildern von Katzen und Aufrufen zu Spenden und Adoptionen.\" srcset=\"https:\/\/www.maklerinmuenster.de\/wp-content\/uploads\/2025\/06\/fireshot-capture-001-tierschutzverein-katzenhilfe-canarigatos-ev-canarigatosde-768x372-1.png 768w, https:\/\/www.maklerinmuenster.de\/wp-content\/uploads\/2025\/06\/fireshot-capture-001-tierschutzverein-katzenhilfe-canarigatos-ev-canarigatosde-768x372-1-300x145.png 300w, https:\/\/www.maklerinmuenster.de\/wp-content\/uploads\/2025\/06\/fireshot-capture-001-tierschutzverein-katzenhilfe-canarigatos-ev-canarigatosde-768x372-1-480x233.png 480w, https:\/\/www.maklerinmuenster.de\/wp-content\/uploads\/2025\/06\/fireshot-capture-001-tierschutzverein-katzenhilfe-canarigatos-ev-canarigatosde-768x372-1-760x368.png 760w\" sizes=\"auto, (max-width: 768px) 100vw, 768px\" \/>   \n  <span class=\"name-ctn\"> Tierschutzverein Katzenhilfe<\/span>   \n<\/a>\n<\/div>\n<\/div>\n\n<div class=\"col default-12 medium-6 large-6 giant-4\">\n  <div class=\"lazyblock-inner-blocks\">\n<a class=\"partner-link\" href=\"https:\/\/hospizbewegung-muenster.de\/\" title=\"Hospizbewegung M\u00fcnster e.V.\" target=\"_blank\" rel=\"noopener\">   \n  <img loading=\"lazy\" decoding=\"async\" width=\"768\" height=\"429\" src=\"https:\/\/www.maklerinmuenster.de\/wp-content\/uploads\/2025\/06\/screenshot-2024-06-11-121832-768x429-1.png\" class=\"attachment-large size-large\" alt=\"Zwei H\u00e4nde, die sich sanft umarmen und eine Botschaft des Trostes und der Unterst\u00fctzung vermitteln. Der \u00fcberlagerte Text lautet: \u201eFreude kann nicht ohne Kummer existieren\u201c.\" srcset=\"https:\/\/www.maklerinmuenster.de\/wp-content\/uploads\/2025\/06\/screenshot-2024-06-11-121832-768x429-1.png 768w, https:\/\/www.maklerinmuenster.de\/wp-content\/uploads\/2025\/06\/screenshot-2024-06-11-121832-768x429-1-300x168.png 300w, https:\/\/www.maklerinmuenster.de\/wp-content\/uploads\/2025\/06\/screenshot-2024-06-11-121832-768x429-1-480x268.png 480w, https:\/\/www.maklerinmuenster.de\/wp-content\/uploads\/2025\/06\/screenshot-2024-06-11-121832-768x429-1-760x425.png 760w\" sizes=\"auto, (max-width: 768px) 100vw, 768px\" \/>   \n  <span class=\"name-ctn\">Hospizbewegung M\u00fcnster e.V.<\/span>   \n<\/a>\n<\/div>\n<\/div>\n\n<div class=\"col default-12 medium-6 large-6 giant-4\">\n  <div class=\"lazyblock-inner-blocks\">\n<a class=\"partner-link\" href=\"https:\/\/www.savethechildren.de\/\" title=\"Save the Children\" target=\"_blank\" rel=\"noopener\">   \n  <img loading=\"lazy\" decoding=\"async\" width=\"768\" height=\"418\" src=\"https:\/\/www.maklerinmuenster.de\/wp-content\/uploads\/2025\/06\/screenshot-2024-11-25-113754-768x418-1.png\" class=\"attachment-large size-large\" alt=\"Text, der f\u00fcr Spenden f\u00fcr die Kinder-Hungerhilfe wirbt und die bedingungslose Unterst\u00fctzung hervorhebt, mit einem roten \u201eJetzt spenden\u201c-Button.\" srcset=\"https:\/\/www.maklerinmuenster.de\/wp-content\/uploads\/2025\/06\/screenshot-2024-11-25-113754-768x418-1.png 768w, https:\/\/www.maklerinmuenster.de\/wp-content\/uploads\/2025\/06\/screenshot-2024-11-25-113754-768x418-1-300x163.png 300w, https:\/\/www.maklerinmuenster.de\/wp-content\/uploads\/2025\/06\/screenshot-2024-11-25-113754-768x418-1-480x261.png 480w, https:\/\/www.maklerinmuenster.de\/wp-content\/uploads\/2025\/06\/screenshot-2024-11-25-113754-768x418-1-760x414.png 760w\" sizes=\"auto, (max-width: 768px) 100vw, 768px\" \/>   \n  <span class=\"name-ctn\">Save the Children<\/span>   \n<\/a>\n<\/div>\n<\/div>\n\n<div class=\"col default-12 medium-6 large-6 giant-4\">\n  <div class=\"lazyblock-inner-blocks\">\n<a class=\"partner-link\" href=\"https:\/\/mh-madagaskar.de\/\" title=\"Mobile Hilfe Madagaskar e.V.\" target=\"_blank\" rel=\"noopener\">   \n  <img loading=\"lazy\" decoding=\"async\" width=\"768\" height=\"415\" src=\"https:\/\/www.maklerinmuenster.de\/wp-content\/uploads\/2025\/06\/screenshot-2025-02-21-091237-768x415-1.png\" class=\"attachment-large size-large\" alt=\"Eine malerische Ansicht von gr\u00fcnen H\u00fcgeln unter einem wolkenverhangenen Himmel, die den Header der Mobile Hilfe Madagaskar Website begleitet.\" srcset=\"https:\/\/www.maklerinmuenster.de\/wp-content\/uploads\/2025\/06\/screenshot-2025-02-21-091237-768x415-1.png 768w, https:\/\/www.maklerinmuenster.de\/wp-content\/uploads\/2025\/06\/screenshot-2025-02-21-091237-768x415-1-300x162.png 300w, https:\/\/www.maklerinmuenster.de\/wp-content\/uploads\/2025\/06\/screenshot-2025-02-21-091237-768x415-1-480x259.png 480w, https:\/\/www.maklerinmuenster.de\/wp-content\/uploads\/2025\/06\/screenshot-2025-02-21-091237-768x415-1-760x411.png 760w\" sizes=\"auto, (max-width: 768px) 100vw, 768px\" \/>   \n  <span class=\"name-ctn\">Mobile Hilfe Madagaskar e.V.<\/span>   \n<\/a>\n<\/div>\n<\/div>\n<\/div>","protected":false},"excerpt":{"rendered":"","protected":false},"author":19,"featured_media":0,"parent":9853,"menu_order":0,"comment_status":"closed","ping_status":"closed","template":"","meta":{"_acf_changed":false,"footnotes":""},"class_list":["post-10208","page","type-page","status-publish","hentry"],"acf":[],"_links":{"self":[{"href":"https:\/\/www.maklerinmuenster.de\/en\/wp-json\/wp\/v2\/pages\/10208","targetHints":{"allow":["GET"]}}],"collection":[{"href":"https:\/\/www.maklerinmuenster.de\/en\/wp-json\/wp\/v2\/pages"}],"about":[{"href":"https:\/\/www.maklerinmuenster.de\/en\/wp-json\/wp\/v2\/types\/page"}],"author":[{"embeddable":true,"href":"https:\/\/www.maklerinmuenster.de\/en\/wp-json\/wp\/v2\/users\/19"}],"replies":[{"embeddable":true,"href":"https:\/\/www.maklerinmuenster.de\/en\/wp-json\/wp\/v2\/comments?post=10208"}],"version-history":[{"count":4,"href":"https:\/\/www.maklerinmuenster.de\/en\/wp-json\/wp\/v2\/pages\/10208\/revisions"}],"predecessor-version":[{"id":11166,"href":"https:\/\/www.maklerinmuenster.de\/en\/wp-json\/wp\/v2\/pages\/10208\/revisions\/11166"}],"up":[{"embeddable":true,"href":"https:\/\/www.maklerinmuenster.de\/en\/wp-json\/wp\/v2\/pages\/9853"}],"wp:attachment":[{"href":"https:\/\/www.maklerinmuenster.de\/en\/wp-json\/wp\/v2\/media?parent=10208"}],"curies":[{"name":"wp","href":"https:\/\/api.w.org\/{rel}","templated":true}]}}