{"id":10299,"date":"2023-01-24T14:57:36","date_gmt":"2023-01-24T13:57:36","guid":{"rendered":"https:\/\/www.maklerinmuenster.de\/imprint\/"},"modified":"2025-09-22T10:17:21","modified_gmt":"2025-09-22T08:17:21","slug":"imprint","status":"publish","type":"page","link":"https:\/\/www.maklerinmuenster.de\/en\/imprint\/","title":{"rendered":"Imprint"},"content":{"rendered":"\n\t<div class=\"ep-content-dynamic  bg-light space \"><div class=\"row   default-start default-top\"><div class=\"col \"><div class=\"row\">\n<div class=\"col\">\n<h1>Imprint <span>MaklerinM\u00fcnster, Margherita Magri Immobilien<\/span><\/h1>\n<\/div>\n<div class=\"col large-6\">\n<dl>\n<dt>Company name:<\/dt>\n<dd>MaklerinMuenster, Margherita Magri Immobilien<\/dd>\n<dt>Address:<\/dt>\n<dd>Kreuzstra\u00dfe 36, 48143 M\u00fcnster &#8211; Deutschland<\/dd>\n<dt>Telephone:<\/dt>\n<dd><a href=\"tel:+4925114981680\" class=\" phone\" title=\"Call MaklerinM\u00fcnster, Margherita Magri Immobilien at 48143 M\u00fcnster\">+49 (0) 251 14981680<\/a><\/dd>\n<dt>Fax:<\/dt>\n<dd>+49 (0) 251 14981685<\/dd>\n<dt>E-mail:<\/dt>\n<dd><a href=\"https:\/\/www.maklerinmuenster.de\/en\/\" class=\" escape email\" title=\"Send an email to MaklerinM\u00fcnster, Margherita Magri Immobilien at 48143 M\u00fcnster\" data-email='{\"name\":\"info\",\"host\":\"maklerinmuenster.de\"}'>info<span class=\"escape\">&part;<\/span>maklerinmuenster.de<\/a><\/dd>\n<dt>Internet:<\/dt>\n<dd><a href=\"https:\/\/www.maklerinmuenster.de\/en\/\" title=\"Webseite\">https:\/\/www.maklerinmuenster.de\/en\/<\/a><\/dd>\n<\/dl><\/div>\n<div class=\"col large-6\">\n<dl>\n<dt>\n\t\t\t\tOwner:\t\t\t<\/dt>\n<dd>Margherita Magri<\/dd>\n<dt>Legal form:<\/dt>\n<dd>Einzelunternehmen<\/dd>\n<dt>Tax Number:<\/dt>\n<dd>DE235464598<\/dd>\n<dt>Surveillance Authority:<\/dt>\n<dd>Stadt M\u00fcnster Amt f\u00fcr \u00f6ffentliche Ordnung, Klemensstra\u00dfe 10, 48143 M\u00fcnster<\/dd>\n<dt>Responsible according to \u00a7 16 MStV:<\/dt>\n<dd>Margherita Magri<\/dd>\n<\/dl><\/div>\n<div class=\"col\">\n<p>Please also note our <a href=\"https:\/\/www.maklerinmuenster.de\/datenschutzerklaerung\/\" title=\"Privacy Policy MaklerinMuenster, Margherita Magri Immobilien\">data protection declaration<\/a>.<\/p>\n<\/div>\n<\/div>\n<p>We are not prepared and not obliged to participate in consumer dispute resolution proceedings other than those conducted by the IVD Ombudsstelle. You can contact the IVD Ombudsstelle at Ombudsmann Immobilien IVD\/VPB \u2013 Grunderwerb und Verwaltung, Littenstr. 10, 10179 Berlin, 10179 Berlin, Email: info@ombudsmann-immobilien.de  <\/p>\n<\/div><\/div><\/div>\n\t","protected":false},"excerpt":{"rendered":"","protected":false},"author":1,"featured_media":0,"parent":0,"menu_order":0,"comment_status":"closed","ping_status":"closed","template":"","meta":{"_acf_changed":false,"footnotes":""},"class_list":["post-10299","page","type-page","status-publish","hentry"],"acf":[],"_links":{"self":[{"href":"https:\/\/www.maklerinmuenster.de\/en\/wp-json\/wp\/v2\/pages\/10299","targetHints":{"allow":["GET"]}}],"collection":[{"href":"https:\/\/www.maklerinmuenster.de\/en\/wp-json\/wp\/v2\/pages"}],"about":[{"href":"https:\/\/www.maklerinmuenster.de\/en\/wp-json\/wp\/v2\/types\/page"}],"author":[{"embeddable":true,"href":"https:\/\/www.maklerinmuenster.de\/en\/wp-json\/wp\/v2\/users\/1"}],"replies":[{"embeddable":true,"href":"https:\/\/www.maklerinmuenster.de\/en\/wp-json\/wp\/v2\/comments?post=10299"}],"version-history":[{"count":2,"href":"https:\/\/www.maklerinmuenster.de\/en\/wp-json\/wp\/v2\/pages\/10299\/revisions"}],"predecessor-version":[{"id":10850,"href":"https:\/\/www.maklerinmuenster.de\/en\/wp-json\/wp\/v2\/pages\/10299\/revisions\/10850"}],"wp:attachment":[{"href":"https:\/\/www.maklerinmuenster.de\/en\/wp-json\/wp\/v2\/media?parent=10299"}],"curies":[{"name":"wp","href":"https:\/\/api.w.org\/{rel}","templated":true}]}}