{"id":6056,"date":"2023-01-24T15:05:25","date_gmt":"2023-01-24T14:05:25","guid":{"rendered":"https:\/\/dev.everpress.everapps.dev\/startseite\/"},"modified":"2025-11-18T11:33:31","modified_gmt":"2025-11-18T10:33:31","slug":"startseite","status":"publish","type":"page","link":"https:\/\/www.maklerinmuenster.de\/en\/","title":{"rendered":"Home"},"content":{"rendered":"  <div class=\"row space default-middle default-between row-partners  space-top-none   space-bottom-none \">\n<div class=\"col default-12 medium-12 large-12 giant-12\">\n  <div class=\"lazyblock-inner-blocks\">\n\n    <a href=\"https:\/\/www.immobilienscout24.de\/anbieter\/maklerin-muenster\/a2e9c56a9de3587b6fe94c0\" title=\"Immoscout24 Experte seit 2022\" class=\"cms-image lightbox-zoom-image image-link\" target=\"_blank\" rel=\"noopener\">\n      <figure class=\"cms-image\">\n        <img loading=\"lazy\" decoding=\"async\" width=\"96\" height=\"96\" src=\"https:\/\/www.maklerinmuenster.de\/wp-content\/uploads\/2025\/04\/immobilienscout-premium-partner.png\" class=\"attachment-large size-large\" alt=\"Immobilienscout Premium Partner\" \/>\n      <\/figure>\n    <\/a>\n  \n\n\n\n    <a href=\"https:\/\/www.stilpunkte.de\/deutschland\/marken\/maklerinmunster-margherita-magri-immobilien\/1\/\" title=\"Stilpunkte Siegel\" class=\"cms-image lightbox-zoom-image image-link\" target=\"_blank\" rel=\"noopener\">\n      <figure class=\"cms-image\">\n        <img loading=\"lazy\" decoding=\"async\" width=\"180\" height=\"180\" src=\"https:\/\/www.maklerinmuenster.de\/wp-content\/uploads\/2025\/04\/stilpunkte-medium.jpg\" class=\"attachment-large size-large\" alt=\"Stilpunkte Logo\" srcset=\"https:\/\/www.maklerinmuenster.de\/wp-content\/uploads\/2025\/04\/stilpunkte-medium.jpg 180w, https:\/\/www.maklerinmuenster.de\/wp-content\/uploads\/2025\/04\/stilpunkte-medium-150x150.jpg 150w\" sizes=\"auto, (max-width: 180px) 100vw, 180px\" \/>\n      <\/figure>\n    <\/a>\n  \n\n\n  <a href=\"\/wp-content\/uploads\/2025\/04\/topmaklersiegel.png\" title=\"Topmakler Siegel 2024\" class=\"cms-image lightbox-zoom-image\">\n    <figure class=\"cms-image\">\n      \n    <\/figure>\n  <\/a>\n\n\n\n  <a href=\"https:\/\/www.maklerinmuenster.de\/wp-content\/uploads\/2025\/04\/sprengnetter-logo.webp\" title=\"Spregnetter Siegel\" class=\"cms-image lightbox-zoom-image\">\n    <figure class=\"cms-image\">\n      <img loading=\"lazy\" decoding=\"async\" width=\"248\" height=\"91\" src=\"https:\/\/www.maklerinmuenster.de\/wp-content\/uploads\/2025\/04\/sprengnetter-logo.webp\" class=\"attachment-large size-large\" alt=\"Sprengnetter Logo\" \/>\n    <\/figure>\n  <\/a>\n\n\n\n\n    <a href=\"https:\/\/www.rdm-ms.de\/immobilienmakler\/maklerin-muenster\" title=\"Ring Deutscher Makler - RDM Verband der Immobilienberufe Bezirksverband M\u00fcnster e.V.\" class=\"cms-image lightbox-zoom-image image-link\" target=\"_blank\" rel=\"noopener\">\n      <figure class=\"cms-image\">\n        <img loading=\"lazy\" decoding=\"async\" width=\"91\" height=\"91\" src=\"https:\/\/www.maklerinmuenster.de\/wp-content\/uploads\/2025\/04\/rdm-logo.webp\" class=\"attachment-large size-large\" alt=\"RDM Logo\" \/>\n      <\/figure>\n    <\/a>\n  \n\n\n\n    <a href=\"https:\/\/www.ratgeber-haus-verkaufen.de\/immobilienmakler-muenster\/\" title=\"Mitglied im Netzwerk der TOP Immobilienmakler in Deutschland\" class=\"cms-image lightbox-zoom-image image-link\" target=\"_blank\" rel=\"noopener\">\n      <figure class=\"cms-image\">\n        <img loading=\"lazy\" decoding=\"async\" width=\"163\" height=\"209\" src=\"https:\/\/www.maklerinmuenster.de\/wp-content\/uploads\/2025\/04\/bg-seal.webp\" class=\"attachment-large size-large\" alt=\"Immobilienmakler TOP-Siegel\" \/>\n      <\/figure>\n    <\/a>\n  \n\n\n\n    <a href=\"https:\/\/www.wgb24.de\/\" title=\"Westf\u00e4lische Grundst\u00fccksb\u00f6rse M\u00fcnster e.V.\" class=\"cms-image lightbox-zoom-image image-link\" target=\"_blank\" rel=\"noopener\">\n      <figure class=\"cms-image\">\n        <img loading=\"lazy\" decoding=\"async\" width=\"80\" height=\"80\" src=\"https:\/\/www.maklerinmuenster.de\/wp-content\/uploads\/2025\/04\/grundstuecksboerse.png\" class=\"attachment-large size-large\" alt=\"Grundst\u00fccksb\u00f6rse\" \/>\n      <\/figure>\n    <\/a>\n  \n\n\n  <a href=\"https:\/\/www.maklerinmuenster.de\/wp-content\/uploads\/2025\/04\/idv-logo.png\" title=\"IVD\" class=\"cms-image lightbox-zoom-image\">\n    <figure class=\"cms-image\">\n      <img loading=\"lazy\" decoding=\"async\" width=\"91\" height=\"91\" src=\"https:\/\/www.maklerinmuenster.de\/wp-content\/uploads\/2025\/04\/idv-logo.png\" class=\"attachment-large size-large\" alt=\"IVD Logo\" \/>\n    <\/figure>\n  <\/a>\n\n\n<\/div>\n<\/div>\n<\/div>\n\n  <div class=\"row space default-stretch default-start   \">\n<div class=\"col default-12 medium-12 large-12 giant-12\">\n  <div class=\"lazyblock-inner-blocks\">\n\n<h1 class=\"wp-block-heading\">Real estate agent in M\u00fcnster:<br>Margherita Magri Immobilien<\/h1>\n\n\n\n<p>Are you looking for a property in M\u00fcnster and the surrounding area? Whether you are looking for a cozy apartment, a modern condominium, a spacious detached house, a plot of land with potential or attractive office space &#8211; <a href=\"https:\/\/www.maklerinmuenster.de\/en\/we-for-you\/contact-person\/\" data-type=\"page\" data-id=\"9085\">real estate agent Margherita Magri<\/a> and her experienced team will <strong>help you find your dream property<\/strong>! We are your competent contacts in the greater M\u00fcnster, Warendorf and Coesfeld area and will assist you in your real estate search with expertise and commitment. In addition to our headquarters in M\u00fcnster, we have recently opened an <strong>office in Nottuln<\/strong> &#8211; where we are also happy to be there for you in person!  <\/p>\n\n\n\n<p><strong>Our real estate offers at a glance:<\/strong><\/p>\n\n\n\n<ul class=\"wp-block-list\">\n<li><strong>Residential real estate<\/strong>: apartments, condominiums, terraced houses, semi-detached houses and detached houses<\/li>\n\n\n\n<li><strong>Commercial real estate<\/strong>: modern office space, business premises and medical practices<\/li>\n\n\n\n<li><strong>Plots of land<\/strong>: Building plots for private and commercial use<\/li>\n\n\n\n<li><strong><a href=\"https:\/\/www.maklerinmuenster.de\/en\/investment-properties\/\" data-type=\"page\" data-id=\"7757\">Capital investments<\/a><\/strong>: Investment properties such as care properties, listed properties and vacation homes<\/li>\n<\/ul>\n\n\n\n<h2 class=\"wp-block-heading\">Real estate sales and rentals<br>by your MaklerinM\u00fcnster<\/h2>\n\n\n\n<p>Would you like to <a href=\"https:\/\/www.maklerinmuenster.de\/en\/for-owners\/house-for-sale\/\" data-type=\"page\" data-id=\"8798\">sell<\/a> or rent out your property? Our real estate agents will <strong>guide you professionally through the entire process<\/strong> and achieve the best possible price for you. <\/p>\n\n\n\n<p><strong>Our services for real estate sales:<\/strong><\/p>\n\n\n\n<ul class=\"wp-block-list\">\n<li><a href=\"https:\/\/www.maklerinmuenster.de\/en\/property-valuation-2\/\" data-type=\"page\" data-id=\"7749\">Valuation of your property<\/a> in line with the market<\/li>\n\n\n\n<li>Professional real estate presentation with high-quality photos, expos\u00e9s and virtual tours<\/li>\n\n\n\n<li>Publication on leading platforms: immoscout24.de, immonet.de, immowelt.de, Kleinanzeigen and many more.  <\/li>\n\n\n\n<li>Large network of notaries, banks, architects and craftsmen<\/li>\n\n\n\n<li>Targeted marketing for fast and successful placement<\/li>\n<\/ul>\n\n\n\n<p>Thanks to our <strong>premium partnerships<\/strong> with Immobilienscout24 and Immowelt and our <strong>membership<\/strong> of the RDM, the IVD and the Westphalian Property Exchange, we have excellent access to the market &#8211; both regionally and nationwide.<\/p>\n\n<\/div>\n<\/div>\n<\/div>\n\n  <div class=\"row space default-stretch default-start   \">\n<div class=\"col default-12 medium-12 large-12 giant-12\">\n  <div class=\"lazyblock-inner-blocks\">\n\n<h2 class=\"wp-block-heading has-text-align-center\">Your path to valuation \u2013 request real estate and property valuations conveniently online!<\/h2>\n\n\n<div class=\"flex gapped flex-wrap margin-bottom\">\n    <div>\n        <button \n            class=\"btn\"\n            type=\"button\"\n            title=\"Evaluate real estate online\"\n            data-lightbox-type=\"html\"\n            data-lightbox-target-closest=\":scope > div\"\n        >Evaluate real estate online<\/button>\n\n        <div class=\"hidden\">\n            <script data-pc-asset=\"https:\/\/components.bottimmo.com\/components\/6752d8174a83ff4efdcf2a7e\/btm-widget\/de-DE\" data-pc-service=\"bottimmo\" defer><\/script>\n            <iframe data-pc-placeholder data-pc-service=\"bottimmo\" style=\"height: 400px\"><\/iframe>\n            <btm-widget widget=\"valuation\" ><\/btm-widget>\n        <\/div>\n    <\/div>\n\n    <div>\n        <button \n            class=\"btn\"\n            type=\"button\"\n            title=\"Evaluate property online\"\n            data-lightbox-type=\"html\"\n            data-lightbox-target-closest=\":scope > div\"\n        >Evaluate property online<\/button>\n\n        <div class=\"hidden\">\n            <script data-pc-asset=\"https:\/\/components.bottimmo.com\/components\/6752d8174a83ff4efdcf2a7e\/btm-widget\/de-DE\" data-pc-service=\"bottimmo\" defer><\/script>\n            <iframe data-pc-placeholder data-pc-service=\"bottimmo\" style=\"height: 400px\"><\/iframe>\n            <btm-widget widget=\"plot-valuation\" ><\/btm-widget>\n        <\/div>\n    <\/div>\n\n    <script>\n        document.addEventListener('lightbox.opened', (e) => {\n            console.log(\"opened\", e.detail);\n            window.privacyCtrl.iframePlaceholder(\"bottimmo\")\n\n        });\n    <\/script>\n<\/div>\n\n<\/div>\n<\/div>\n<\/div>\n\n  <div class=\"row space default-stretch default-start   space-top-none  \">\n<div class=\"col default-12 medium-12 large-12 giant-12\">\n  <div class=\"lazyblock-inner-blocks\">\n\n<div class=\"wp-block-group box box-big\"><div class=\"wp-block-group__inner-container is-layout-constrained wp-block-group-is-layout-constrained\">  <div class=\"row space default-middle default-start teaser  space-top-none   space-bottom-none \">\n<div class=\"col default-12 medium-12 large-12 giant-12\">\n  <div class=\"lazyblock-inner-blocks\">\n\n<h3 class=\"wp-block-heading color-primary\">Selling privately or using an estate agent?<\/h3>\n\n<\/div>\n<\/div>\n\n<div class=\"col default-12 medium-12 large-12 giant-12\">\n  <div class=\"lazyblock-inner-blocks\">\n<div class=\"video-container\">\n\n  \n<video controls preload=\"metadata\">\n  <source src=\"\/wp-content\/uploads\/2025\/04\/anfrage.mp4#t=0.5\" type=\"video\/mp4\">\nYour browser does not support the video tag.\n<\/video>\n  \n<\/div>\n<\/div>\n<\/div>\n<\/div><\/div><\/div>\n\n<\/div>\n<\/div>\n<\/div>\n\n  <div class=\"row space default-stretch default-start   space-top-none  \">\n<div class=\"col default-12 medium-12 large-12 giant-12\">\n  <div class=\"lazyblock-inner-blocks\">\n\n<h3 class=\"wp-block-heading\">Renting made easy:<br>Find the right tenant with us!<\/h3>\n\n\n\n<p>Our experienced real estate agents not only support you in selling your property, but also in <strong>renting it successfully<\/strong>. Our full service ensures that everything runs smoothly: <\/p>\n\n\n\n<ul class=\"wp-block-list\">\n<li>Selection of credit-checked tenants<\/li>\n\n\n\n<li>Creation of appealing advertisements<\/li>\n\n\n\n<li>Conducting tours<\/li>\n\n\n\n<li>Support with the drafting of rental agreements<\/li>\n<\/ul>\n\n\n\n<h3 class=\"wp-block-heading\">Real estate agents with heart and expertise:<br>Your satisfaction is our focus<\/h3>\n\n\n\n<p>Success is no coincidence! In addition to our comprehensive expertise, we are characterized by the following points: <\/p>\n\n\n\n<ul class=\"wp-block-list\">\n<li>Personal support and individual advice<\/li>\n\n\n\n<li>Honest and transparent communication<\/li>\n\n\n\n<li>Excellent regional market knowledge<\/li>\n\n\n\n<li>Innovative marketing strategies for real estate sales<\/li>\n<\/ul>\n\n\n\n<p>For us, the <strong>profession of real estate agent<\/strong> is not just a job, but <strong>a passion<\/strong>. Our aim is not just to broker properties, but to accompany people into their new home or to make the sale of their property as stress-free as possible. <\/p>\n\n\n\n<p><strong>Our additional services for you:<\/strong><\/p>\n\n\n\n<ul class=\"wp-block-list\">\n<li><a href=\"https:\/\/www.maklerinmuenster.de\/en\/energy-consulting\/\" data-type=\"page\" data-id=\"8272\">Energy consulting<\/a> to optimize your property<\/li>\n\n\n\n<li><a href=\"https:\/\/www.maklerinmuenster.de\/en\/real-estate-in-old-age\/barrier-free-living\/\" data-type=\"page\" data-id=\"8443\">Barrier-free living concepts<\/a> and advice on <a href=\"https:\/\/www.maklerinmuenster.de\/en\/real-estate-in-old-age\/living-arrangements-in-old-age\/\" data-type=\"page\" data-id=\"8451\">age-appropriate living<\/a><\/li>\n\n\n\n<li><a href=\"https:\/\/www.maklerinmuenster.de\/en\/real-estate-in-old-age\/real-estate-retirement\/\" data-type=\"page\" data-id=\"8445\">Retirement<\/a> and real estate financing<\/li>\n\n\n\n<li><a href=\"https:\/\/www.maklerinmuenster.de\/en\/for-owners\/sales-optimization\/renovation-restoration\/\" data-type=\"page\" data-id=\"8759\">Refurbishment and renovation advice<\/a><\/li>\n\n\n\n<li><a href=\"https:\/\/www.maklerinmuenster.de\/en\/for-owners\/sales-optimization\/\" data-type=\"page\" data-id=\"8364\">Innovative property presentation<\/a> with 360\u00b0 inspection and drone shots<\/li>\n<\/ul>\n\n\n\n<p>Are you already thinking about the future today? Our team specializes in real estate as an investment and <a href=\"https:\/\/www.maklerinmuenster.de\/en\/real-estate-in-old-age\/\" data-type=\"page\" data-id=\"7755\">retirement living<\/a>. Let us advise you individually &#8211; together we will find <strong>a property that meets your long-term needs<\/strong>!  <\/p>\n\n\n\n<h3 class=\"wp-block-heading\">Your real estate experts in M\u00fcnster and the surrounding area:<br>Get to know us!<\/h3>\n\n\n\n<p>Our <strong>customer satisfaction<\/strong> speaks for itself! At bewertet.de we are among the top 10 real estate agents and in the immoscout24 directory we are among the three best real estate agencies in M\u00fcnster. <\/p>\n\n\n\n<p>Visit us in our offices or <a href=\"https:\/\/www.maklerinmuenster.de\/en\/contact\/\" data-type=\"page\" data-id=\"2181\">contact us<\/a> directly for a <strong>no-obligation consultation<\/strong>. We look forward to getting to know you! <\/p>\n\n\n\n<p><strong><strong>Your team of MaklerinM\u00fcnster<\/strong><\/strong><\/p>\n\n<\/div>\n<\/div>\n<\/div>\n\n\n\n\n<p><\/p>\n","protected":false},"excerpt":{"rendered":"","protected":false},"author":1,"featured_media":0,"parent":0,"menu_order":0,"comment_status":"closed","ping_status":"closed","template":"","meta":{"_acf_changed":false,"footnotes":""},"class_list":["post-6056","page","type-page","status-publish","hentry"],"acf":[],"_links":{"self":[{"href":"https:\/\/www.maklerinmuenster.de\/en\/wp-json\/wp\/v2\/pages\/6056","targetHints":{"allow":["GET"]}}],"collection":[{"href":"https:\/\/www.maklerinmuenster.de\/en\/wp-json\/wp\/v2\/pages"}],"about":[{"href":"https:\/\/www.maklerinmuenster.de\/en\/wp-json\/wp\/v2\/types\/page"}],"author":[{"embeddable":true,"href":"https:\/\/www.maklerinmuenster.de\/en\/wp-json\/wp\/v2\/users\/1"}],"replies":[{"embeddable":true,"href":"https:\/\/www.maklerinmuenster.de\/en\/wp-json\/wp\/v2\/comments?post=6056"}],"version-history":[{"count":5,"href":"https:\/\/www.maklerinmuenster.de\/en\/wp-json\/wp\/v2\/pages\/6056\/revisions"}],"predecessor-version":[{"id":11168,"href":"https:\/\/www.maklerinmuenster.de\/en\/wp-json\/wp\/v2\/pages\/6056\/revisions\/11168"}],"wp:attachment":[{"href":"https:\/\/www.maklerinmuenster.de\/en\/wp-json\/wp\/v2\/media?parent=6056"}],"curies":[{"name":"wp","href":"https:\/\/api.w.org\/{rel}","templated":true}]}}