{"id":9366,"date":"2025-06-04T11:58:38","date_gmt":"2025-06-04T09:58:38","guid":{"rendered":"https:\/\/www.maklerinmuenster.de\/investment-properties\/holiday-flats\/"},"modified":"2025-06-10T13:17:43","modified_gmt":"2025-06-10T11:17:43","slug":"holiday-flats","status":"publish","type":"page","link":"https:\/\/www.maklerinmuenster.de\/en\/investment-properties\/holiday-flats\/","title":{"rendered":"Holiday flats"},"content":{"rendered":"  <div class=\"row space default-stretch default-start   space-top-none   space-bottom-none \">\n<div class=\"col default-12 medium-12 large-12 giant-12\">\n  <div class=\"lazyblock-inner-blocks\">\n\n\n    <figure class=\"cms-image\">\n      <img loading=\"lazy\" decoding=\"async\" width=\"964\" height=\"450\" src=\"https:\/\/www.maklerinmuenster.de\/wp-content\/uploads\/2025\/06\/kapitalanlage.jpg\" class=\"attachment-large size-large\" alt=\"Eine ruhige Poolszene mit Holzterrasse, \u00fcppigen B\u00e4umen und einem kleinen Flugzeug, das ein Banner in den klaren blauen Himmel h\u00e4lt.\" srcset=\"https:\/\/www.maklerinmuenster.de\/wp-content\/uploads\/2025\/06\/kapitalanlage.jpg 964w, https:\/\/www.maklerinmuenster.de\/wp-content\/uploads\/2025\/06\/kapitalanlage-300x140.jpg 300w, https:\/\/www.maklerinmuenster.de\/wp-content\/uploads\/2025\/06\/kapitalanlage-768x359.jpg 768w, https:\/\/www.maklerinmuenster.de\/wp-content\/uploads\/2025\/06\/kapitalanlage-480x224.jpg 480w, https:\/\/www.maklerinmuenster.de\/wp-content\/uploads\/2025\/06\/kapitalanlage-760x355.jpg 760w\" sizes=\"auto, (max-width: 964px) 100vw, 964px\" \/>\n    <\/figure>\n\n\n<\/div>\n<\/div>\n<\/div>  <div class=\"row space default-stretch default-start    space-bottom-none \">\n<div class=\"col default-12 medium-12 large-12 giant-12\">\n  <div class=\"lazyblock-inner-blocks\">\n\n<h1 class=\"wp-block-heading\">Holiday flats<\/h1>\n\n\n\n<p>Investing in holiday homes or flats has been growing in popularity for several years. While holiday homes used to be purchased primarily to spend their holidays there themselves, the focus of prospective buyers has now shifted. Just a few years ago, it hardly mattered to buyers whether the property could also be rented out for other purposes. Today, on the other hand, a holiday home is primarily a secure capital investment.   <\/p>\n\n\n\n<p>When looking for a suitable property, you should therefore no longer choose according to your own preferences, but according to specific criteria. The better the location and furnishings of a property, the more weeks a year it can be let. Calculations by the IVD estate agents&#8217; association show that a flat must be let for an average of seventeen weeks to be profitable. An appropriately located holiday property easily exceeds this time. Flats let via the Fewo Direkt portal, for example, are let for an average of 23 weeks per year.    <\/p>\n\n\n\n<p>Whether it&#8217;s the North Sea or the Baltic Sea, the Alps or the Black Forest, Germans particularly enjoy spending their holidays here and are prepared to pay a little more if the location is convincing.<\/p>\n\n\n\n<p>If you would like to own a property like this yourself, either to rent out exclusively or to use occasionally, please contact us. We will find the right property for you and advise you on all questions relating to your investment. <\/p>\n\n\n\n<p>You can also use our <a href=\"https:\/\/www.maklerinmuenster.de\/en\/contact\/\" data-type=\"page\" data-id=\"2181\">contact form<\/a> and <strong>we will call you back<\/strong>.<\/p>\n\n<\/div>\n<\/div>\n<\/div><div class=\"row stretch start\">\n  <div class=\"col\">\n    <hr \/>\n  <\/div>\n<\/div>  <div class=\"row space default-stretch default-start   space-top-none  \">\n<div class=\"col default-12 medium-12 large-12 giant-12\">\n  <div class=\"lazyblock-inner-blocks\">\n\n<h3 class=\"wp-block-heading\">Articles on the subject of holiday flats:<\/h3>\n\n<\/div>\n<\/div>\n\n<div class=\"col default-6 medium-6 large-6 giant-4\">\n  <div class=\"lazyblock-inner-blocks\">\n\n    <a href=\"https:\/\/www.traum-ferienwohnungen.de\/vermieter-magazin\/ferienwohnung-als-kapitalanlage-lohnt-sich-das\/\" title=\"Zu unsserem Partner: Ferienwohnung als Kapitalanlage\" class=\"cms-image lightbox-zoom-image image-link\" target=\"_blank\" rel=\"noopener\">\n      <figure class=\"cms-image\">\n        <img loading=\"lazy\" decoding=\"async\" width=\"768\" height=\"427\" src=\"https:\/\/www.maklerinmuenster.de\/wp-content\/uploads\/2025\/06\/ferienwohnung-1.png\" class=\"attachment-large size-large\" alt=\"Ferienwohnung\" srcset=\"https:\/\/www.maklerinmuenster.de\/wp-content\/uploads\/2025\/06\/ferienwohnung-1.png 768w, https:\/\/www.maklerinmuenster.de\/wp-content\/uploads\/2025\/06\/ferienwohnung-1-300x167.png 300w, https:\/\/www.maklerinmuenster.de\/wp-content\/uploads\/2025\/06\/ferienwohnung-1-480x267.png 480w, https:\/\/www.maklerinmuenster.de\/wp-content\/uploads\/2025\/06\/ferienwohnung-1-760x423.png 760w\" sizes=\"auto, (max-width: 768px) 100vw, 768px\" \/>\n      <\/figure>\n    <\/a>\n  \n\n\n\n<p class=\"has-text-align-center\"><strong>Holiday flat as an investment<\/strong><\/p>\n\n<\/div>\n<\/div>\n\n<div class=\"col default-6 medium-6 large-6 giant-4\">\n  <div class=\"lazyblock-inner-blocks\">\n\n    <a href=\"https:\/\/www.berliner-zeitung.de\/wirtschaft-verantwortung\/time-share-so-kann-der-traum-vom-eigenen-ferienhaus-wahr-werden-li.239450\" title=\"Zu unsserem Partner: Der Traum vom Ferienhaus\" class=\"cms-image lightbox-zoom-image image-link\" target=\"_blank\" rel=\"noopener\">\n      <figure class=\"cms-image\">\n        <img loading=\"lazy\" decoding=\"async\" width=\"768\" height=\"431\" src=\"https:\/\/www.maklerinmuenster.de\/wp-content\/uploads\/2025\/06\/ferienhaus.png\" class=\"attachment-large size-large\" alt=\"Ferienhaus\" srcset=\"https:\/\/www.maklerinmuenster.de\/wp-content\/uploads\/2025\/06\/ferienhaus.png 768w, https:\/\/www.maklerinmuenster.de\/wp-content\/uploads\/2025\/06\/ferienhaus-300x168.png 300w, https:\/\/www.maklerinmuenster.de\/wp-content\/uploads\/2025\/06\/ferienhaus-480x269.png 480w, https:\/\/www.maklerinmuenster.de\/wp-content\/uploads\/2025\/06\/ferienhaus-760x427.png 760w\" sizes=\"auto, (max-width: 768px) 100vw, 768px\" \/>\n      <\/figure>\n    <\/a>\n  \n\n\n\n<p class=\"has-text-align-center\"><strong>The dream of a holiday home<\/strong><\/p>\n\n<\/div>\n<\/div>\n<\/div>","protected":false},"excerpt":{"rendered":"","protected":false},"author":19,"featured_media":0,"parent":9359,"menu_order":0,"comment_status":"closed","ping_status":"closed","template":"","meta":{"_acf_changed":false,"footnotes":""},"class_list":["post-9366","page","type-page","status-publish","hentry"],"acf":[],"_links":{"self":[{"href":"https:\/\/www.maklerinmuenster.de\/en\/wp-json\/wp\/v2\/pages\/9366","targetHints":{"allow":["GET"]}}],"collection":[{"href":"https:\/\/www.maklerinmuenster.de\/en\/wp-json\/wp\/v2\/pages"}],"about":[{"href":"https:\/\/www.maklerinmuenster.de\/en\/wp-json\/wp\/v2\/types\/page"}],"author":[{"embeddable":true,"href":"https:\/\/www.maklerinmuenster.de\/en\/wp-json\/wp\/v2\/users\/19"}],"replies":[{"embeddable":true,"href":"https:\/\/www.maklerinmuenster.de\/en\/wp-json\/wp\/v2\/comments?post=9366"}],"version-history":[{"count":1,"href":"https:\/\/www.maklerinmuenster.de\/en\/wp-json\/wp\/v2\/pages\/9366\/revisions"}],"predecessor-version":[{"id":9367,"href":"https:\/\/www.maklerinmuenster.de\/en\/wp-json\/wp\/v2\/pages\/9366\/revisions\/9367"}],"up":[{"embeddable":true,"href":"https:\/\/www.maklerinmuenster.de\/en\/wp-json\/wp\/v2\/pages\/9359"}],"wp:attachment":[{"href":"https:\/\/www.maklerinmuenster.de\/en\/wp-json\/wp\/v2\/media?parent=9366"}],"curies":[{"name":"wp","href":"https:\/\/api.w.org\/{rel}","templated":true}]}}