{"id":9749,"date":"2025-06-04T11:25:16","date_gmt":"2025-06-04T09:25:16","guid":{"rendered":"https:\/\/www.maklerinmuenster.de\/investment-properties\/nursing-homes\/"},"modified":"2025-08-11T10:59:29","modified_gmt":"2025-08-11T08:59:29","slug":"nursing-homes","status":"publish","type":"page","link":"https:\/\/www.maklerinmuenster.de\/en\/investment-properties\/nursing-homes\/","title":{"rendered":"Nursing homes"},"content":{"rendered":"  <div class=\"row space default-stretch default-start   space-top-none  \">\n<div class=\"col default-12 medium-12 large-12 giant-12\">\n  <div class=\"lazyblock-inner-blocks\">\n\n\n    <figure class=\"cms-image\">\n      <img loading=\"lazy\" decoding=\"async\" width=\"1000\" height=\"467\" src=\"https:\/\/www.maklerinmuenster.de\/wp-content\/uploads\/2025\/06\/pflegeimmobilien.jpg\" class=\"attachment-large size-large\" alt=\"Ein modernes Geb\u00e4ude mit blauen D\u00e4chern und begr\u00fcnten G\u00e4rten, in dem Menschen spazieren gehen und ein kleines Flugzeug \u00fcber den Wolken fliegt.\" srcset=\"https:\/\/www.maklerinmuenster.de\/wp-content\/uploads\/2025\/06\/pflegeimmobilien.jpg 1000w, https:\/\/www.maklerinmuenster.de\/wp-content\/uploads\/2025\/06\/pflegeimmobilien-300x140.jpg 300w, https:\/\/www.maklerinmuenster.de\/wp-content\/uploads\/2025\/06\/pflegeimmobilien-768x359.jpg 768w, https:\/\/www.maklerinmuenster.de\/wp-content\/uploads\/2025\/06\/pflegeimmobilien-480x224.jpg 480w, https:\/\/www.maklerinmuenster.de\/wp-content\/uploads\/2025\/06\/pflegeimmobilien-760x355.jpg 760w\" sizes=\"auto, (max-width: 1000px) 100vw, 1000px\" \/>\n    <\/figure>\n\n\n<\/div>\n<\/div>\n<\/div>  <div class=\"row space default-stretch default-start   space-top-none   space-bottom-none \">\n<div class=\"col default-12 medium-12 large-12 giant-12\">\n  <div class=\"lazyblock-inner-blocks\">\n\n<h1 class=\"wp-block-heading\">Nursing homes<\/h1>\n\n\n\n<p>Investment properties appeal to both young professionals and those approaching retirement.<br\/>For today\u2019s younger generation, faced with an uncertain pension outlook, the priority is often building a solid foundation for retirement. Purchasing a property later in life can help supplement one\u2019s future pension while also securing a potential place in a care home if needed.  <\/p>\n\n\n\n<p>Returns and retirement planning can go hand in hand when investing in shares of a care property rather than a traditional house or condominium.<br\/>Care properties offer multiple advantages: they generate strong returns, are largely independent of economic cycles, and are refinanced and subsidized by the state. Demand will continue to grow in the coming years as the number of people requiring care rises, while available facilities remain limited. This demographic trend creates an investment opportunity with exceptional security. Rental losses are virtually eliminated \u2013 not only due to consistently high occupancy rates, but also because care home operators can rely on payments from state care allowances. In addition, the operator is responsible for property maintenance, meaning no additional costs for the investor.      <\/p>\n\n\n\n<p>A further benefit is the preferential right of residence in old age for the investor and close family members. Care properties can also be inherited or gifted, ensuring lasting value. <\/p>\n\n\n\n<p>Have the many advantages of a care property convinced you?<br\/>We invite you to arrange a personal consultation or use our <a href=\"https:\/\/worker-www.maklerinmuenster.de\/kontakt\/\" data-type=\"page\" data-id=\"2181\">contact form<\/a> to request a call back. <strong>We look forward to hearing from you<\/strong>! <\/p>\n\n<\/div>\n<\/div>\n<\/div><div class=\"row stretch start\">\n  <div class=\"col\">\n    <hr \/>\n  <\/div>\n<\/div>  <div class=\"row space default-stretch default-start   space-top-none  \">\n<div class=\"col default-12 medium-12 large-12 giant-12\">\n  <div class=\"lazyblock-inner-blocks\">\n\n<h3 class=\"wp-block-heading\">Information and articles on the subject of care homes:<\/h3>\n\n\n\n<p>Further information on the above points can be found here:<\/p>\n\n<\/div>\n<\/div>\n\n<div class=\"col default-6 medium-6 large-6 giant-4\">\n  <div class=\"lazyblock-inner-blocks\">\n<a class=\"partner-link\" href=\"\" title=\"Biallo\">   \n  <img loading=\"lazy\" decoding=\"async\" width=\"768\" height=\"375\" src=\"https:\/\/www.maklerinmuenster.de\/wp-content\/uploads\/2025\/06\/pflegeimmobilie-als-kapitalanlage-2.png\" class=\"attachment-large size-large\" alt=\"Screenshot der Website biallo.de mit einem Artikel \u00fcber Investitionen in Pflegeheime zur Erzielung von Gewinnen.\" srcset=\"https:\/\/www.maklerinmuenster.de\/wp-content\/uploads\/2025\/06\/pflegeimmobilie-als-kapitalanlage-2.png 768w, https:\/\/www.maklerinmuenster.de\/wp-content\/uploads\/2025\/06\/pflegeimmobilie-als-kapitalanlage-2-300x146.png 300w, https:\/\/www.maklerinmuenster.de\/wp-content\/uploads\/2025\/06\/pflegeimmobilie-als-kapitalanlage-2-480x234.png 480w, https:\/\/www.maklerinmuenster.de\/wp-content\/uploads\/2025\/06\/pflegeimmobilie-als-kapitalanlage-2-760x371.png 760w\" sizes=\"auto, (max-width: 768px) 100vw, 768px\" \/>   \n  <span class=\"name-ctn\">Biallo<\/span>   \n<\/a>\n<\/div>\n<\/div>\n\n<div class=\"col default-12 medium-12 large-12 giant-12\">\n  <div class=\"lazyblock-inner-blocks\">\n<div class=\"row stretch start\">\n  <div class=\"col\">\n    <hr \/>\n  <\/div>\n<\/div>\n\n\n<h3 class=\"wp-block-heading\">Care properties as capital investments explained Interview with Dominik Konrad (immoheld)<\/h3>\n\n\n<div class=\"video-container\">\n  <iframe data-pc-service=\"youtube\" data-pc-asset=\"https:\/\/www.youtube.com\/embed\/uSWba2Iroac?feature=oembed\"><\/iframe>\n<\/div>\n<\/div>\n<\/div>\n<\/div>","protected":false},"excerpt":{"rendered":"","protected":false},"author":19,"featured_media":0,"parent":9359,"menu_order":0,"comment_status":"closed","ping_status":"closed","template":"","meta":{"_acf_changed":false,"footnotes":""},"class_list":["post-9749","page","type-page","status-publish","hentry"],"acf":[],"_links":{"self":[{"href":"https:\/\/www.maklerinmuenster.de\/en\/wp-json\/wp\/v2\/pages\/9749","targetHints":{"allow":["GET"]}}],"collection":[{"href":"https:\/\/www.maklerinmuenster.de\/en\/wp-json\/wp\/v2\/pages"}],"about":[{"href":"https:\/\/www.maklerinmuenster.de\/en\/wp-json\/wp\/v2\/types\/page"}],"author":[{"embeddable":true,"href":"https:\/\/www.maklerinmuenster.de\/en\/wp-json\/wp\/v2\/users\/19"}],"replies":[{"embeddable":true,"href":"https:\/\/www.maklerinmuenster.de\/en\/wp-json\/wp\/v2\/comments?post=9749"}],"version-history":[{"count":2,"href":"https:\/\/www.maklerinmuenster.de\/en\/wp-json\/wp\/v2\/pages\/9749\/revisions"}],"predecessor-version":[{"id":10805,"href":"https:\/\/www.maklerinmuenster.de\/en\/wp-json\/wp\/v2\/pages\/9749\/revisions\/10805"}],"up":[{"embeddable":true,"href":"https:\/\/www.maklerinmuenster.de\/en\/wp-json\/wp\/v2\/pages\/9359"}],"wp:attachment":[{"href":"https:\/\/www.maklerinmuenster.de\/en\/wp-json\/wp\/v2\/media?parent=9749"}],"curies":[{"name":"wp","href":"https:\/\/api.w.org\/{rel}","templated":true}]}}