{"id":9755,"date":"2025-06-05T12:00:18","date_gmt":"2025-06-05T10:00:18","guid":{"rendered":"\/house-for-sale\/"},"modified":"2025-08-08T13:24:28","modified_gmt":"2025-08-08T11:24:28","slug":"house-for-sale","status":"publish","type":"page","link":"\/en\/for-owners\/house-for-sale\/","title":{"rendered":"House for sale"},"content":{"rendered":"  <div class=\"row space default-stretch default-start   space-top-none   space-bottom-none \">\n<div class=\"col default-12 medium-12 large-12 giant-12\">\n  <div class=\"lazyblock-inner-blocks\">\n\n\n    <figure class=\"cms-image\">\n      <img loading=\"lazy\" decoding=\"async\" width=\"1024\" height=\"369\" src=\"\/wp-content\/uploads\/2025\/06\/immobilien-verkaufen-1024x369.jpg\" class=\"attachment-large size-large\" alt=\"eine Person, die ein Schl\u00fcssel \u00fcber einer Stadt h\u00e4lt\" srcset=\"\/wp-content\/uploads\/2025\/06\/immobilien-verkaufen-1024x369.jpg 1024w, \/wp-content\/uploads\/2025\/06\/immobilien-verkaufen-300x108.jpg 300w, \/wp-content\/uploads\/2025\/06\/immobilien-verkaufen-768x276.jpg 768w, \/wp-content\/uploads\/2025\/06\/immobilien-verkaufen-480x173.jpg 480w, \/wp-content\/uploads\/2025\/06\/immobilien-verkaufen-760x274.jpg 760w, \/wp-content\/uploads\/2025\/06\/immobilien-verkaufen-1200x432.jpg 1200w, \/wp-content\/uploads\/2025\/06\/immobilien-verkaufen.jpg 1250w\" sizes=\"auto, (max-width: 1024px) 100vw, 1024px\" \/>\n    <\/figure>\n\n\n<\/div>\n<\/div>\n<\/div>  <div class=\"row space default-stretch default-start   \">\n<div class=\"col default-12 medium-12 large-12 giant-12\">\n  <div class=\"lazyblock-inner-blocks\">\n\n<h1 class=\"wp-block-heading\">House for sale <\/h1>\n\n\n\n<p><strong>There are many reasons why you should hire us:<\/strong><\/p>\n\n\n\n<p>Every apartment, house, commercial building, or plot of land is advertised regularly, targeted to specific groups, and presented in a modern design. It is offered for sale to our registered customers and, of course, published on our website. Cooperation agreements with well-known real estate portals ensure maximum exposure on the internet (Immobilienscout24, Immowelt, Immonet, and 30 other portals or print media). We guarantee quick notary appointments and clean contract documents, as well as speedy, smooth, and discreet processing. We offer flexible appointment scheduling and even short-notice viewings, tailored to your schedule.   <\/p>\n\n\n\n<p>To find out how we present and market your property in the best possible way and which measures will show your property in the best light, see <a href=\"https:\/\/worker-www.maklerinmuenster.de\/fuer-eigentuemerinnen\/verkaufsoptimierung\/\" data-type=\"page\" data-id=\"8364\"><strong>Sales Optimization<\/strong><\/a>. Or would you prefer maximum discretion and anonymity in the marketing process? Then find out about the option of finding the right buyer discreetly through a <a href=\"https:\/\/worker-www.maklerinmuenster.de\/fuer-eigentuemerinnen\/stille-vermarktung\/\" data-type=\"page\" data-id=\"8810\"><strong>secret sale<\/strong><\/a>.  <\/p>\n\n\n\n<p>M\u00fcnster has been a popular place to live for decades. Thanks to its university and technical college, there is never a shortage of young people. Many former students stay in M\u00fcnster because the quality of life here is good\u2014there are plenty of jobs, the M\u00fcnsterland region offers a variety of housing options, combines rural and urban living, is family-friendly, and has a wide range of socio-cultural activities on offer. The real estate market is as diverse as life in M\u00fcnster and its surroundings. Aspects such as the age and condition of the property, the size of the plot, the orientation, layout, and quality of the building fabric all influence the value of a property. In addition, the different neighborhoods and districts\u2014i.e., the location\u2014also play an important role and determine the price of real estate.     <\/p>\n\n\n\n<p>When <strong>selling<\/strong> a property in M\u00fcnster, it is therefore particularly advantageous if the real estate agent is familiar with the local market. Regional real estate experts know the local characteristics such as the economy, real estate prices, and lifestyle options. They are also familiar with the laws and regulations of the region, which can be invaluable when it comes to managing the process of selling real estate in M\u00fcnster and the M\u00fcnsterland region. They are also familiar with potential buyers in the region and can provide valuable advice on how to market the property and reach the right people.   <\/p>\n\n\n\n<p>That&#8217;s why we are exactly the right partner for you if you want to sell in M\u00fcnster or the M\u00fcnsterland region. We are experienced real estate experts who know the local market inside out and have the necessary resources to ensure a successful sale. With our help, you can be sure that your property will be sold quickly and at a good price.  <\/p>\n\n<\/div>\n<\/div>\n<\/div><div class=\"row stretch start\">\n  <div class=\"col\">\n    <hr \/>\n  <\/div>\n<\/div>  <div class=\"row space default-stretch default-start   \">\n<div class=\"col default-12 medium-12 large-12 giant-12\">\n  <div class=\"lazyblock-inner-blocks\">\n\n<h2 class=\"wp-block-heading\">What is the difference between selling through a professional and selling through the owner?<br\/><\/h2>\n\n\n<div class=\"video-container\">\n  <iframe data-pc-service=\"youtube\" data-pc-asset=\"https:\/\/www.youtube.com\/embed\/00uDl_ywLuY?feature=oembed\"><\/iframe>\n<\/div>\n<\/div>\n<\/div>\n<\/div>  <div class=\"row space default-stretch default-start   space-top-none   space-bottom-none \">\n<div class=\"col default-12 medium-12 large-12 giant-12\">\n  <div class=\"lazyblock-inner-blocks\">\n\n<\/div>\n<\/div>\n<\/div>","protected":false},"excerpt":{"rendered":"","protected":false},"author":1,"featured_media":0,"parent":9763,"menu_order":0,"comment_status":"closed","ping_status":"closed","template":"","meta":{"_acf_changed":false,"footnotes":""},"class_list":["post-9755","page","type-page","status-publish","hentry"],"acf":[],"_links":{"self":[{"href":"\/en\/wp-json\/wp\/v2\/pages\/9755","targetHints":{"allow":["GET"]}}],"collection":[{"href":"\/en\/wp-json\/wp\/v2\/pages"}],"about":[{"href":"\/en\/wp-json\/wp\/v2\/types\/page"}],"author":[{"embeddable":true,"href":"\/en\/wp-json\/wp\/v2\/users\/1"}],"replies":[{"embeddable":true,"href":"\/en\/wp-json\/wp\/v2\/comments?post=9755"}],"version-history":[{"count":5,"href":"\/en\/wp-json\/wp\/v2\/pages\/9755\/revisions"}],"predecessor-version":[{"id":10781,"href":"\/en\/wp-json\/wp\/v2\/pages\/9755\/revisions\/10781"}],"up":[{"embeddable":true,"href":"\/en\/wp-json\/wp\/v2\/pages\/9763"}],"wp:attachment":[{"href":"\/en\/wp-json\/wp\/v2\/media?parent=9755"}],"curies":[{"name":"wp","href":"https:\/\/api.w.org\/{rel}","templated":true}]}}